{"id":1738,"date":"2025-06-01T11:38:22","date_gmt":"2025-06-01T09:38:22","guid":{"rendered":"https:\/\/www.chillibarcelona.com\/blog\/"},"modified":"2025-06-01T11:39:24","modified_gmt":"2025-06-01T09:39:24","slug":"blog","status":"publish","type":"page","link":"https:\/\/www.chillibarcelona.com\/fr\/blog\/","title":{"rendered":"Blog"},"content":{"rendered":"<p>[et_pb_section fb_built=\u00a0\u00bb1&Prime; admin_label=\u00a0\u00bbHeader\u00a0\u00bb _builder_version=\u00a0\u00bb4.27.4&Prime; _module_preset=\u00a0\u00bbdefault\u00a0\u00bb background_color=\u00a0\u00bbgcid-f53bea2f-11b6-47b2-a970-343c85385294&Prime; use_background_color_gradient=\u00a0\u00bbon\u00a0\u00bb background_color_gradient_stops=\u00a0\u00bbrgba(0,0,0,0.83) 0%|rgba(0,0,0,0.64) 100%\u00a0\u00bb background_color_gradient_overlays_image=\u00a0\u00bbon\u00a0\u00bb background_image=\u00a0\u00bbhttps:\/\/www.chillibarcelona.com\/wp-content\/uploads\/2025\/01\/indio-restaurante-barcelona-21.jpg\u00a0\u00bb background_position=\u00a0\u00bbbottom_right\u00a0\u00bb background_vertical_offset=\u00a0\u00bb100%\u00a0\u00bb overflow-x=\u00a0\u00bbhidden\u00a0\u00bb overflow-y=\u00a0\u00bbhidden\u00a0\u00bb collapsed=\u00a0\u00bboff\u00a0\u00bb global_colors_info=\u00a0\u00bb{%22gcid-f53bea2f-11b6-47b2-a970-343c85385294%22:%91%22background_color_gradient_stops%22,%22background_color%22%93}\u00a0\u00bb][et_pb_row _builder_version=\u00a0\u00bb4.18.0&Prime; _module_preset=\u00a0\u00bbdefault\u00a0\u00bb global_colors_info=\u00a0\u00bb{}\u00a0\u00bb][et_pb_column type=\u00a0\u00bb4_4&Prime; _builder_version=\u00a0\u00bb4.18.0&Prime; _module_preset=\u00a0\u00bbdefault\u00a0\u00bb global_colors_info=\u00a0\u00bb{}\u00a0\u00bb][et_pb_text _builder_version=\u00a0\u00bb4.27.4&Prime; _dynamic_attributes=\u00a0\u00bbcontent\u00a0\u00bb _module_preset=\u00a0\u00bb96644ad0-f6bd-4449-a7d0-1de15f501729&Prime; text_font=\u00a0\u00bb&#8211;et_global_body_font|700|||||||\u00a0\u00bb text_font_size=\u00a0\u00bb34px\u00a0\u00bb header_font_size=\u00a0\u00bb64px\u00a0\u00bb text_orientation=\u00a0\u00bbcenter\u00a0\u00bb global_colors_info=\u00a0\u00bb{}\u00a0\u00bb]@ET-DC@eyJkeW5hbWljIjp0cnVlLCJjb250ZW50IjoicG9zdF90aXRsZSIsInNldHRpbmdzIjp7ImJlZm9yZSI6IiIsImFmdGVyIjoiIiwiZW5hYmxlX2h0bWwiOiJvZmYifX0=@[\/et_pb_text][\/et_pb_column][\/et_pb_row][\/et_pb_section][et_pb_section fb_built=\u00a0\u00bb1&Prime; _builder_version=\u00a0\u00bb4.27.4&Prime; _module_preset=\u00a0\u00bbdefault\u00a0\u00bb background_color=\u00a0\u00bb#000000&Prime; global_colors_info=\u00a0\u00bb{}\u00a0\u00bb][et_pb_row _builder_version=\u00a0\u00bb4.27.4&Prime; _module_preset=\u00a0\u00bbdefault\u00a0\u00bb global_colors_info=\u00a0\u00bb{}\u00a0\u00bb][et_pb_column type=\u00a0\u00bb4_4&Prime; _builder_version=\u00a0\u00bb4.27.4&Prime; _module_preset=\u00a0\u00bbdefault\u00a0\u00bb global_colors_info=\u00a0\u00bb{}\u00a0\u00bb][et_pb_blog fullwidth=\u00a0\u00bboff\u00a0\u00bb posts_number=\u00a0\u00bb4&Prime; include_categories=\u00a0\u00bball\u00a0\u00bb _builder_version=\u00a0\u00bb4.27.4&Prime; _module_preset=\u00a0\u00bbdefault\u00a0\u00bb global_colors_info=\u00a0\u00bb{}\u00a0\u00bb][\/et_pb_blog][\/et_pb_column][\/et_pb_row][\/et_pb_section][et_pb_section fb_built=\u00a0\u00bb1&Prime; admin_label=\u00a0\u00bbMap\u00a0\u00bb module_id=\u00a0\u00bbcarte\u00a0\u00bb _builder_version=\u00a0\u00bb4.18.0&Prime; _module_preset=\u00a0\u00bbdefault\u00a0\u00bb background_color=\u00a0\u00bbgcid-f53bea2f-11b6-47b2-a970-343c85385294&Prime; global_module=\u00a0\u00bb497&Prime; saved_tabs=\u00a0\u00bball\u00a0\u00bb collapsed=\u00a0\u00bbon\u00a0\u00bb global_colors_info=\u00a0\u00bb{%22gcid-f53bea2f-11b6-47b2-a970-343c85385294%22:%91%22background_color%22%93}\u00a0\u00bb][et_pb_row _builder_version=\u00a0\u00bb4.18.0&Prime; _module_preset=\u00a0\u00bbdefault\u00a0\u00bb width=\u00a0\u00bb90%\u00a0\u00bb max_width=\u00a0\u00bb100%\u00a0\u00bb global_colors_info=\u00a0\u00bb{}\u00a0\u00bb][et_pb_column type=\u00a0\u00bb4_4&Prime; _builder_version=\u00a0\u00bb4.18.0&Prime; _module_preset=\u00a0\u00bbdefault\u00a0\u00bb global_colors_info=\u00a0\u00bb{}\u00a0\u00bb][et_pb_map address=\u00a0\u00bbCarrer de Pau Claris, 77, L&rsquo;Eixample, 08010 Barcelona, Spain\u00a0\u00bb address_lat=\u00a0\u00bb41.3892228&Prime; address_lng=\u00a0\u00bb2.1715933&Prime; mouse_wheel=\u00a0\u00bboff\u00a0\u00bb _builder_version=\u00a0\u00bb4.27.4&Prime; _module_preset=\u00a0\u00bbdefault\u00a0\u00bb filter_saturate=\u00a0\u00bb0%\u00a0\u00bb filter_brightness=\u00a0\u00bb70%\u00a0\u00bb filter_sepia=\u00a0\u00bb80%\u00a0\u00bb global_colors_info=\u00a0\u00bb{}\u00a0\u00bb][et_pb_map_pin title=\u00a0\u00bbNous sommes l\u00e0 !\u00a0\u00bb pin_address=\u00a0\u00bbCarrer de Pau Claris, 77, L&rsquo;Eixample, 08010 Barcelona, Spain\u00a0\u00bb pin_address_lat=\u00a0\u00bb41.3892228&Prime; pin_address_lng=\u00a0\u00bb2.1715933&Prime; _builder_version=\u00a0\u00bb4.27.4&Prime; _module_preset=\u00a0\u00bbdefault\u00a0\u00bb global_colors_info=\u00a0\u00bb{}\u00a0\u00bb]<\/p>\n<p>T\u00e9l. 600 085 540<\/p>\n<p>[\/et_pb_map_pin][\/et_pb_map][\/et_pb_column][\/et_pb_row][\/et_pb_section][et_pb_section fb_built=\u00a0\u00bb1&Prime; admin_label=\u00a0\u00bbFooter\u00a0\u00bb _builder_version=\u00a0\u00bb4.27.4&Prime; _module_preset=\u00a0\u00bbdefault\u00a0\u00bb background_color=\u00a0\u00bbgcid-f53bea2f-11b6-47b2-a970-343c85385294&Prime; use_background_color_gradient=\u00a0\u00bbon\u00a0\u00bb background_color_gradient_stops=\u00a0\u00bbrgba(0,0,0,0.81) 0%|rgba(0,0,0,0.5) 100%\u00a0\u00bb background_color_gradient_overlays_image=\u00a0\u00bbon\u00a0\u00bb background_image=\u00a0\u00bbhttps:\/\/www.chillibarcelona.com\/wp-content\/uploads\/2025\/01\/jkjljl.jpg\u00a0\u00bb custom_padding=\u00a0\u00bb10vw||10vw||true|false\u00a0\u00bb global_module=\u00a0\u00bb348&Prime; saved_tabs=\u00a0\u00bball\u00a0\u00bb collapsed=\u00a0\u00bboff\u00a0\u00bb global_colors_info=\u00a0\u00bb{%22gcid-f53bea2f-11b6-47b2-a970-343c85385294%22:%91%22background_color_gradient_stops%22,%22background_color%22%93}\u00a0\u00bb][et_pb_row _builder_version=\u00a0\u00bb4.18.0&Prime; _module_preset=\u00a0\u00bbdefault\u00a0\u00bb max_width=\u00a0\u00bb630px\u00a0\u00bb custom_margin=\u00a0\u00bb||10vw||false|false\u00a0\u00bb global_colors_info=\u00a0\u00bb{}\u00a0\u00bb][et_pb_column type=\u00a0\u00bb4_4&Prime; _builder_version=\u00a0\u00bb4.18.0&Prime; _module_preset=\u00a0\u00bbdefault\u00a0\u00bb global_colors_info=\u00a0\u00bb{}\u00a0\u00bb][et_pb_text _builder_version=\u00a0\u00bb4.27.4&Prime; _module_preset=\u00a0\u00bbb327cbe4-b1d5-4b66-ad37-40c8f2f061ba\u00a0\u00bb header_text_color=\u00a0\u00bb#E7E2BC\u00a0\u00bb global_colors_info=\u00a0\u00bb{}\u00a0\u00bb]<\/p>\n<h2>Inscrivez-vous \u00e0 notre lettre d&rsquo;information pour recevoir des mises \u00e0 jour<\/h2>\n<p>[\/et_pb_text][et_pb_signup mailchimp_list=\u00a0\u00bbelegantthemestest|1ea2bbd026&Prime; layout=\u00a0\u00bbtop_bottom\u00a0\u00bb first_name_field=\u00a0\u00bboff\u00a0\u00bb last_name_field=\u00a0\u00bboff\u00a0\u00bb _builder_version=\u00a0\u00bb4.27.4&Prime; _module_preset=\u00a0\u00bbf5dd8511-592b-43f8-b02a-fca5b467e34a\u00a0\u00bb form_field_background_color=\u00a0\u00bbRGBA(255,255,255,0)\u00a0\u00bb form_field_text_color=\u00a0\u00bb#e7e2bc\u00a0\u00bb form_field_custom_padding=\u00a0\u00bb17px|30px|17px|30px|true|true\u00a0\u00bb form_field_font=\u00a0\u00bbflat bold|300|on||||||\u00a0\u00bb form_field_text_align=\u00a0\u00bbcenter\u00a0\u00bb form_field_font_size=\u00a0\u00bb18px\u00a0\u00bb background_enable_color=\u00a0\u00bboff\u00a0\u00bb use_background_color=\u00a0\u00bboff\u00a0\u00bb custom_button=\u00a0\u00bbon\u00a0\u00bb button_text_size=\u00a0\u00bb18px\u00a0\u00bb button_text_color=\u00a0\u00bb#000000&Prime; button_bg_color=\u00a0\u00bb#e2bc69&Prime; button_border_width=\u00a0\u00bb0px\u00a0\u00bb button_border_radius=\u00a0\u00bb0px\u00a0\u00bb button_font=\u00a0\u00bbflat bold|700|on||||||\u00a0\u00bb button_custom_padding=\u00a0\u00bb12px|30px|12px|30px|true|true\u00a0\u00bb form_field_font_size_tablet=\u00a0\u00bb16px\u00a0\u00bb form_field_font_size_phone=\u00a0\u00bb14px\u00a0\u00bb form_field_font_size_last_edited=\u00a0\u00bbon|desktop\u00a0\u00bb border_radii_fields=\u00a0\u00bbon|0px|0px|0px|0px\u00a0\u00bb border_width_all_fields=\u00a0\u00bb3px\u00a0\u00bb border_color_all_fields=\u00a0\u00bb#A45137&Prime; border_width_bottom_fields=\u00a0\u00bb2px\u00a0\u00bb locked=\u00a0\u00bboff\u00a0\u00bb global_colors_info=\u00a0\u00bb{}\u00a0\u00bb][\/et_pb_signup][\/et_pb_column][\/et_pb_row][et_pb_row column_structure=\u00a0\u00bb1_2,1_4,1_4&Prime; _builder_version=\u00a0\u00bb4.18.0&Prime; _module_preset=\u00a0\u00bbdefault\u00a0\u00bb global_colors_info=\u00a0\u00bb{}\u00a0\u00bb][et_pb_column type=\u00a0\u00bb1_2&Prime; _builder_version=\u00a0\u00bb4.18.0&Prime; _module_preset=\u00a0\u00bbdefault\u00a0\u00bb global_colors_info=\u00a0\u00bb{}\u00a0\u00bb][et_pb_text _builder_version=\u00a0\u00bb4.27.4&Prime; _module_preset=\u00a0\u00bbaaa7c440-590a-4078-ae0c-0f3c699ac51c\u00a0\u00bb header_text_align=\u00a0\u00bbleft\u00a0\u00bb header_letter_spacing=\u00a0\u00bb2px\u00a0\u00bb global_colors_info=\u00a0\u00bb{%22gcid-82d6c09a-d813-40a8-95b4-5069eeb5bf47%22:%91%22header_3_text_color%22%93}\u00a0\u00bb]<\/p>\n<h1>CHILLI Barcelone<\/h1>\n<p>[\/et_pb_text][et_pb_blurb title=\u00a0\u00bbAppelez-nous\u00a0\u00bb content_max_width=\u00a0\u00bb100%\u00a0\u00bb _builder_version=\u00a0\u00bb4.27.4&Prime; _module_preset=\u00a0\u00bb7c394586-d55e-4f8e-967a-7e42ab3d85af\u00a0\u00bb header_font=\u00a0\u00bbflat bold|&#8211;et_global_heading_font_weight||on|||||\u00a0\u00bb header_text_align=\u00a0\u00bbleft\u00a0\u00bb header_text_color=\u00a0\u00bb#000000&Prime; header_font_size=\u00a0\u00bb31px\u00a0\u00bb header_letter_spacing=\u00a0\u00bb2px\u00a0\u00bb body_font=\u00a0\u00bbflat bold||||||||\u00a0\u00bb body_text_color=\u00a0\u00bb#a45137&Prime; body_font_size=\u00a0\u00bb21px\u00a0\u00bb body_line_height=\u00a0\u00bb1em\u00a0\u00bb body_link_text_color=\u00a0\u00bb#000000&Prime; background_color=\u00a0\u00bb#e2bc69&Prime; background_enable_pattern_style=\u00a0\u00bbon\u00a0\u00bb background_pattern_style=\u00a0\u00bbscallops\u00a0\u00bb background_pattern_color=\u00a0\u00bbrgba(0,0,0,0.05)\u00a0\u00bb background_pattern_size=\u00a0\u00bbcustom\u00a0\u00bb background_pattern_width=\u00a0\u00bb30px\u00a0\u00bb custom_margin=\u00a0\u00bb|||-10vw|false|false\u00a0\u00bb custom_padding=\u00a0\u00bb30px|30px|30px|10vw|true|false\u00a0\u00bb custom_padding_tablet=\u00a0\u00bb\u00a0\u00bb custom_padding_phone=\u00a0\u00bb20px|20px|20px||true|false\u00a0\u00bb custom_padding_last_edited=\u00a0\u00bbon|phone\u00a0\u00bb animation=\u00a0\u00bboff\u00a0\u00bb header_font_size_tablet=\u00a0\u00bb16px\u00a0\u00bb header_font_size_phone=\u00a0\u00bb14px\u00a0\u00bb header_font_size_last_edited=\u00a0\u00bbon|desktop\u00a0\u00bb body_font_last_edited=\u00a0\u00bboff|desktop\u00a0\u00bb body_font_size_tablet=\u00a0\u00bb20px\u00a0\u00bb body_font_size_phone=\u00a0\u00bb16px\u00a0\u00bb body_font_size_last_edited=\u00a0\u00bboff|phone\u00a0\u00bb locked=\u00a0\u00bboff\u00a0\u00bb global_colors_info=\u00a0\u00bb{}\u00a0\u00bb]<\/p>\n<p><span style=\"color: #000000;\">+34 600 08 55 40<\/span><\/p>\n<p>[\/et_pb_blurb][et_pb_code _builder_version=\u00a0\u00bb4.27.4&Prime; _module_preset=\u00a0\u00bbdefault\u00a0\u00bb custom_margin=\u00a0\u00bb|||-10vw|false|false\u00a0\u00bb global_colors_info=\u00a0\u00bb{}\u00a0\u00bb]<\/p>\n<div id=\"TA_cdsscrollingravewide54\" class=\"TA_cdsscrollingravewide\">\n<ul id=\"75i7AuHhrkl\" class=\"TA_links 5WVkKW\">\n<li id=\"ZGGbgG\" class=\"HAsim2ooM\"><a target=\"_blank\" href=\"https:\/\/www.tripadvisor.co.uk\/Restaurant_Review-g187497-d25089644-Reviews-Indian_Restaurant_Chilli-Barcelona_Catalonia.html\" rel=\"noopener\"><img decoding=\"async\" src=\"https:\/\/static.tacdn.com\/img2\/brand_refresh\/Tripadvisor_lockup_vertical.svg\" alt=\"TripAdvisor\" class=\"widEXCIMG\" id=\"CDSWIDEXCLOGO\"><\/a><\/li>\n<\/ul>\n<\/div>\n<p><script async=\"\" src=\"https:\/\/www.jscache.com\/wejs?wtype=cdsscrollingravewide&amp;uniq=54&amp;locationId=25089644&amp;lang=en_UK&amp;border=false&amp;backgroundColor=gray&amp;display_version=2\" data-loadtrk=\"\" onload=\"this.loadtrk=true\"><\/script>[\/et_pb_code][\/et_pb_column][et_pb_column type=\u00a0\u00bb1_4&Prime; _builder_version=\u00a0\u00bb4.18.0&Prime; _module_preset=\u00a0\u00bbdefault\u00a0\u00bb global_colors_info=\u00a0\u00bb{}\u00a0\u00bb][et_pb_text _builder_version=\u00a0\u00bb4.27.4&Prime; _module_preset=\u00a0\u00bb4827deed-2a92-4d97-a22f-f01067ae6873&Prime; header_text_color=\u00a0\u00bb#E7E2BC\u00a0\u00bb global_colors_info=\u00a0\u00bb{%22gcid-82d6c09a-d813-40a8-95b4-5069eeb5bf47%22:%91%22header_4_text_color%22%93}\u00a0\u00bb]<a href=\"https:\/\/www.chillibarcelona.com\/fr\/menu\/\">Menu<\/a>[\/et_pb_text][et_pb_text _builder_version=\u00a0\u00bb4.27.4&Prime; _module_preset=\u00a0\u00bb4827deed-2a92-4d97-a22f-f01067ae6873&Prime; header_text_color=\u00a0\u00bb#E7E2BC\u00a0\u00bb global_colors_info=\u00a0\u00bb{}\u00a0\u00bb]<\/p>\n<p><a href=\"https:\/\/www.chillibarcelona.com\/fr\/reservations\/\">R\u00e9servez d\u00e8s maintenant<\/a><\/p>\n<p>[\/et_pb_text][et_pb_text _builder_version=\u00a0\u00bb4.27.4&Prime; _module_preset=\u00a0\u00bb4827deed-2a92-4d97-a22f-f01067ae6873&Prime; header_text_color=\u00a0\u00bb#E7E2BC\u00a0\u00bb global_colors_info=\u00a0\u00bb{}\u00a0\u00bb]<\/p>\n<p><a href=\"https:\/\/www.chillibarcelona.com\/fr\/regardez-a-linterieur\/\">Regardez \u00e0 l&rsquo;int\u00e9rieur<\/a><\/p>\n<p>[\/et_pb_text][\/et_pb_column][et_pb_column type=\u00a0\u00bb1_4&Prime; _builder_version=\u00a0\u00bb4.18.0&Prime; _module_preset=\u00a0\u00bbdefault\u00a0\u00bb global_colors_info=\u00a0\u00bb{}\u00a0\u00bb][et_pb_text _builder_version=\u00a0\u00bb4.27.4&Prime; _module_preset=\u00a0\u00bb4827deed-2a92-4d97-a22f-f01067ae6873&Prime; header_text_color=\u00a0\u00bb#E7E2BC\u00a0\u00bb locked=\u00a0\u00bboff\u00a0\u00bb global_colors_info=\u00a0\u00bb{}\u00a0\u00bb]<a href=\"https:\/\/www.chillibarcelona.com\/fr\/galerie\/\">Galerie<\/a>[\/et_pb_text][et_pb_text _builder_version=\u00a0\u00bb4.27.4&Prime; _module_preset=\u00a0\u00bb4827deed-2a92-4d97-a22f-f01067ae6873&Prime; header_text_color=\u00a0\u00bb#E7E2BC\u00a0\u00bb locked=\u00a0\u00bboff\u00a0\u00bb global_colors_info=\u00a0\u00bb{}\u00a0\u00bb]<\/p>\n<p><a href=\"https:\/\/www.chillibarcelona.com\/cookie-policy-eu\/?cmplz_region_redirect=true\">Politique en mati\u00e8re de cookies<\/a><\/p>\n<p>[\/et_pb_text][et_pb_text _builder_version=\u00a0\u00bb4.27.4&Prime; _module_preset=\u00a0\u00bb4827deed-2a92-4d97-a22f-f01067ae6873&Prime; header_text_color=\u00a0\u00bb#E7E2BC\u00a0\u00bb locked=\u00a0\u00bboff\u00a0\u00bb global_colors_info=\u00a0\u00bb{}\u00a0\u00bb]<\/p>\n<p><a href=\"https:\/\/www.chillibarcelona.com\/privacy-statement-eu\/?cmplz_region_redirect=true\">Politique de confidentialit\u00e9<\/a><\/p>\n<p>[\/et_pb_text][\/et_pb_column][\/et_pb_row][\/et_pb_section]<\/p>\n","protected":false},"excerpt":{"rendered":"<p>T\u00e9l. 600 085 540Inscrivez-vous \u00e0 notre lettre d&rsquo;information pour recevoir des mises \u00e0 jourCHILLI Barcelone+34 600 08 55 40MenuR\u00e9servez d\u00e8s maintenantRegardez \u00e0 l&rsquo;int\u00e9rieurGaleriePolitique en mati\u00e8re de cookiesPolitique de confidentialit\u00e9<\/p>\n","protected":false},"author":1,"featured_media":0,"parent":0,"menu_order":0,"comment_status":"closed","ping_status":"closed","template":"","meta":{"_et_pb_use_builder":"on","_et_pb_old_content":"","_et_gb_content_width":"","footnotes":""},"class_list":["post-1738","page","type-page","status-publish","hentry"],"_links":{"self":[{"href":"https:\/\/www.chillibarcelona.com\/fr\/wp-json\/wp\/v2\/pages\/1738","targetHints":{"allow":["GET"]}}],"collection":[{"href":"https:\/\/www.chillibarcelona.com\/fr\/wp-json\/wp\/v2\/pages"}],"about":[{"href":"https:\/\/www.chillibarcelona.com\/fr\/wp-json\/wp\/v2\/types\/page"}],"author":[{"embeddable":true,"href":"https:\/\/www.chillibarcelona.com\/fr\/wp-json\/wp\/v2\/users\/1"}],"replies":[{"embeddable":true,"href":"https:\/\/www.chillibarcelona.com\/fr\/wp-json\/wp\/v2\/comments?post=1738"}],"version-history":[{"count":2,"href":"https:\/\/www.chillibarcelona.com\/fr\/wp-json\/wp\/v2\/pages\/1738\/revisions"}],"predecessor-version":[{"id":1740,"href":"https:\/\/www.chillibarcelona.com\/fr\/wp-json\/wp\/v2\/pages\/1738\/revisions\/1740"}],"wp:attachment":[{"href":"https:\/\/www.chillibarcelona.com\/fr\/wp-json\/wp\/v2\/media?parent=1738"}],"curies":[{"name":"wp","href":"https:\/\/api.w.org\/{rel}","templated":true}]}}