{"id":846,"date":"2025-01-25T07:01:07","date_gmt":"2025-01-25T06:01:07","guid":{"rendered":"https:\/\/www.chillibarcelona.com\/galeria\/"},"modified":"2025-03-08T18:10:48","modified_gmt":"2025-03-08T17:10:48","slug":"galeria","status":"publish","type":"page","link":"https:\/\/www.chillibarcelona.com\/es\/galeria\/","title":{"rendered":"Galer\u00eda"},"content":{"rendered":"<p>[et_pb_section fb_built=\u00bb1&#8243; disabled_on=\u00bbon|off|off\u00bb admin_label=\u00bbHeader\u00bb _builder_version=\u00bb4.27.4&#8243; _module_preset=\u00bbdefault\u00bb background_color=\u00bbgcid-f53bea2f-11b6-47b2-a970-343c85385294&#8243; use_background_color_gradient=\u00bbon\u00bb background_color_gradient_stops=\u00bbrgba(0,0,0,0.22) 0%|rgba(0,0,0,0.61) 100%\u00bb background_color_gradient_overlays_image=\u00bbon\u00bb background_image=\u00bbhttps:\/\/www.chillibarcelona.com\/wp-content\/uploads\/2025\/01\/bnbnbnnb.jpg\u00bb background_size=\u00bbinitial\u00bb background_position=\u00bbbottom_center\u00bb background_vertical_offset=\u00bb35%\u00bb module_alignment=\u00bbcenter\u00bb height=\u00bb340px\u00bb overflow-x=\u00bbhidden\u00bb overflow-y=\u00bbhidden\u00bb collapsed=\u00bboff\u00bb global_colors_info=\u00bb{%22gcid-f53bea2f-11b6-47b2-a970-343c85385294%22:%91%22background_color_gradient_stops%22,%22background_color%22%93}\u00bb][et_pb_row _builder_version=\u00bb4.18.0&#8243; _module_preset=\u00bbdefault\u00bb global_colors_info=\u00bb{}\u00bb][et_pb_column type=\u00bb4_4&#8243; _builder_version=\u00bb4.18.0&#8243; _module_preset=\u00bbdefault\u00bb global_colors_info=\u00bb{}\u00bb][et_pb_text _builder_version=\u00bb4.27.4&#8243; _module_preset=\u00bb96644ad0-f6bd-4449-a7d0-1de15f501729&#8243; hover_enabled=\u00bb0&#8243; global_colors_info=\u00bb{}\u00bb sticky_enabled=\u00bb0&#8243;]<\/p>\n<h1>GALER\u00cdA<\/h1>\n<p>[\/et_pb_text][\/et_pb_column][\/et_pb_row][\/et_pb_section][et_pb_section fb_built=\u00bb1&#8243; _builder_version=\u00bb4.27.4&#8243; _module_preset=\u00bbdefault\u00bb background_color=\u00bb#000000&#8243; global_colors_info=\u00bb{}\u00bb][et_pb_row use_custom_gutter=\u00bbon\u00bb gutter_width=\u00bb2&#8243; make_equal=\u00bbon\u00bb _builder_version=\u00bb4.27.4&#8243; _module_preset=\u00bbdefault\u00bb global_colors_info=\u00bb{}\u00bb][et_pb_column type=\u00bb4_4&#8243; _builder_version=\u00bb4.27.4&#8243; _module_preset=\u00bbdefault\u00bb global_colors_info=\u00bb{}\u00bb][et_pb_text _builder_version=\u00bb4.27.4&#8243; _module_preset=\u00bbdefault\u00bb global_colors_info=\u00bb{}\u00bb]<\/p>\n<h2 style=\"text-align: center;\">Interior<\/h2>\n<p>[\/et_pb_text][dmg_masonry_gallery gallery_mode=\u00bbminimized\u00bb gallery_minimized_limit=\u00bb26&#8243; gallery=\u00bb1162,1152,1127,1132,1137,1142,1147,1157&#8243; columns=\u00bb2&#8243; hover_overlay_color=\u00bbrgba(224,153,0,0.31)\u00bb _builder_version=\u00bb4.27.4&#8243; _module_preset=\u00bbdefault\u00bb global_colors_info=\u00bb{}\u00bb][\/dmg_masonry_gallery][et_pb_text _builder_version=\u00bb4.27.4&#8243; _module_preset=\u00bbdefault\u00bb global_colors_info=\u00bb{}\u00bb]<\/p>\n<h2 style=\"text-align: center;\">Cocina<\/h2>\n<p>[\/et_pb_text][dmg_masonry_gallery gallery_mode=\u00bbminimized\u00bb gallery_minimized_limit=\u00bb26&#8243; gallery=\u00bb1184,458,453,1169,1179,452,1189,451,456,449,450,454,1174,455&#8243; gutter=\u00bb17&#8243; hover_overlay_color=\u00bbrgba(224,153,0,0.31)\u00bb _builder_version=\u00bb4.27.4&#8243; _module_preset=\u00bbdefault\u00bb global_colors_info=\u00bb{}\u00bb][\/dmg_masonry_gallery][\/et_pb_column][\/et_pb_row][\/et_pb_section][et_pb_section fb_built=\u00bb1&#8243; admin_label=\u00bbFooter\u00bb _builder_version=\u00bb4.27.4&#8243; _module_preset=\u00bbdefault\u00bb background_color=\u00bbgcid-f53bea2f-11b6-47b2-a970-343c85385294&#8243; use_background_color_gradient=\u00bbon\u00bb background_color_gradient_stops=\u00bbrgba(0,0,0,0.81) 0%|rgba(0,0,0,0.5) 100%\u00bb background_color_gradient_overlays_image=\u00bbon\u00bb background_image=\u00bbhttps:\/\/www.chillibarcelona.com\/wp-content\/uploads\/2025\/01\/jkjljl.jpg\u00bb custom_padding=\u00bb10vw||10vw||true|false\u00bb global_module=\u00bb348&#8243; saved_tabs=\u00bball\u00bb collapsed=\u00bboff\u00bb global_colors_info=\u00bb{%22gcid-f53bea2f-11b6-47b2-a970-343c85385294%22:%91%22background_color_gradient_stops%22,%22background_color%22%93}\u00bb][et_pb_row _builder_version=\u00bb4.18.0&#8243; _module_preset=\u00bbdefault\u00bb max_width=\u00bb630px\u00bb custom_margin=\u00bb||10vw||false|false\u00bb global_colors_info=\u00bb{}\u00bb][et_pb_column type=\u00bb4_4&#8243; _builder_version=\u00bb4.18.0&#8243; _module_preset=\u00bbdefault\u00bb global_colors_info=\u00bb{}\u00bb][et_pb_text _builder_version=\u00bb4.27.4&#8243; _module_preset=\u00bbb327cbe4-b1d5-4b66-ad37-40c8f2f061ba\u00bb header_text_color=\u00bb#E7E2BC\u00bb global_colors_info=\u00bb{}\u00bb]<\/p>\n<h2>\u00danete a nuestro bolet\u00edn para estar al d\u00eda<\/h2>\n<p>[\/et_pb_text][et_pb_signup mailchimp_list=\u00bbelegantthemestest|1ea2bbd026&#8243; layout=\u00bbtop_bottom\u00bb first_name_field=\u00bboff\u00bb last_name_field=\u00bboff\u00bb _builder_version=\u00bb4.27.4&#8243; _module_preset=\u00bbf5dd8511-592b-43f8-b02a-fca5b467e34a\u00bb form_field_background_color=\u00bbRGBA(255,255,255,0)\u00bb form_field_text_color=\u00bb#e7e2bc\u00bb form_field_custom_padding=\u00bb17px|30px|17px|30px|true|true\u00bb form_field_font=\u00bbflat bold|300|on||||||\u00bb form_field_text_align=\u00bbcenter\u00bb form_field_font_size=\u00bb18px\u00bb background_enable_color=\u00bboff\u00bb use_background_color=\u00bboff\u00bb custom_button=\u00bbon\u00bb button_text_size=\u00bb18px\u00bb button_text_color=\u00bb#000000&#8243; button_bg_color=\u00bb#e2bc69&#8243; button_border_width=\u00bb0px\u00bb button_border_radius=\u00bb0px\u00bb button_font=\u00bbflat bold|700|on||||||\u00bb button_custom_padding=\u00bb12px|30px|12px|30px|true|true\u00bb form_field_font_size_tablet=\u00bb16px\u00bb form_field_font_size_phone=\u00bb14px\u00bb form_field_font_size_last_edited=\u00bbon|desktop\u00bb border_radii_fields=\u00bbon|0px|0px|0px|0px\u00bb border_width_all_fields=\u00bb3px\u00bb border_color_all_fields=\u00bb#A45137&#8243; border_width_bottom_fields=\u00bb2px\u00bb locked=\u00bboff\u00bb global_colors_info=\u00bb{}\u00bb][\/et_pb_signup][\/et_pb_column][\/et_pb_row][et_pb_row column_structure=\u00bb1_2,1_4,1_4&#8243; _builder_version=\u00bb4.18.0&#8243; _module_preset=\u00bbdefault\u00bb global_colors_info=\u00bb{}\u00bb][et_pb_column type=\u00bb1_2&#8243; _builder_version=\u00bb4.18.0&#8243; _module_preset=\u00bbdefault\u00bb global_colors_info=\u00bb{}\u00bb][et_pb_text _builder_version=\u00bb4.27.4&#8243; _module_preset=\u00bbaaa7c440-590a-4078-ae0c-0f3c699ac51c\u00bb header_text_align=\u00bbleft\u00bb header_letter_spacing=\u00bb2px\u00bb global_colors_info=\u00bb{%22gcid-82d6c09a-d813-40a8-95b4-5069eeb5bf47%22:%91%22header_3_text_color%22%93}\u00bb]<\/p>\n<h1>CHILLI Barcelona<\/h1>\n<p>[\/et_pb_text][et_pb_blurb title=\u00bbLl\u00e1manos\u00bb content_max_width=\u00bb100%\u00bb _builder_version=\u00bb4.27.4&#8243; _module_preset=\u00bb7c394586-d55e-4f8e-967a-7e42ab3d85af\u00bb header_font=\u00bbflat bold|&#8211;et_global_heading_font_weight||on|||||\u00bb header_text_align=\u00bbleft\u00bb header_text_color=\u00bb#000000&#8243; header_font_size=\u00bb31px\u00bb header_letter_spacing=\u00bb2px\u00bb body_font=\u00bbflat bold||||||||\u00bb body_text_color=\u00bb#a45137&#8243; body_font_size=\u00bb21px\u00bb body_line_height=\u00bb1em\u00bb body_link_text_color=\u00bb#000000&#8243; background_color=\u00bb#e2bc69&#8243; background_enable_pattern_style=\u00bbon\u00bb background_pattern_style=\u00bbscallops\u00bb background_pattern_color=\u00bbrgba(0,0,0,0.05)\u00bb background_pattern_size=\u00bbcustom\u00bb background_pattern_width=\u00bb30px\u00bb custom_margin=\u00bb|||-10vw|false|false\u00bb custom_padding=\u00bb30px|30px|30px|10vw|true|false\u00bb custom_padding_tablet=\u00bb\u00bb custom_padding_phone=\u00bb20px|20px|20px||true|false\u00bb custom_padding_last_edited=\u00bbon|phone\u00bb animation=\u00bboff\u00bb header_font_size_tablet=\u00bb16px\u00bb header_font_size_phone=\u00bb14px\u00bb header_font_size_last_edited=\u00bbon|desktop\u00bb body_font_last_edited=\u00bboff|desktop\u00bb body_font_size_tablet=\u00bb20px\u00bb body_font_size_phone=\u00bb16px\u00bb body_font_size_last_edited=\u00bboff|phone\u00bb locked=\u00bboff\u00bb global_colors_info=\u00bb{}\u00bb]<\/p>\n<p><span style=\"color: #000000;\">+34 600 08 55 40<\/span><\/p>\n<p>[\/et_pb_blurb][et_pb_code _builder_version=\u00bb4.27.4&#8243; _module_preset=\u00bbdefault\u00bb custom_margin=\u00bb|||-10vw|false|false\u00bb global_colors_info=\u00bb{}\u00bb]<\/p>\n<div id=\"TA_cdsscrollingravewide54\" class=\"TA_cdsscrollingravewide\">\n<ul id=\"75i7AuHhrkl\" class=\"TA_links 5WVkKW\">\n<li id=\"ZGGbgG\" class=\"HAsim2ooM\"><a target=\"_blank\" href=\"https:\/\/www.tripadvisor.co.uk\/Restaurant_Review-g187497-d25089644-Reviews-Indian_Restaurant_Chilli-Barcelona_Catalonia.html\" rel=\"noopener\"><img decoding=\"async\" src=\"https:\/\/static.tacdn.com\/img2\/brand_refresh\/Tripadvisor_lockup_vertical.svg\" alt=\"TripAdvisor\" class=\"widEXCIMG\" id=\"CDSWIDEXCLOGO\"><\/a><\/li>\n<\/ul>\n<\/div>\n<p><script async=\"\" src=\"https:\/\/www.jscache.com\/wejs?wtype=cdsscrollingravewide&amp;uniq=54&amp;locationId=25089644&amp;lang=en_UK&amp;border=false&amp;backgroundColor=gray&amp;display_version=2\" data-loadtrk=\"\" onload=\"this.loadtrk=true\"><\/script>[\/et_pb_code][\/et_pb_column][et_pb_column type=\u00bb1_4&#8243; _builder_version=\u00bb4.18.0&#8243; _module_preset=\u00bbdefault\u00bb global_colors_info=\u00bb{}\u00bb][et_pb_text _builder_version=\u00bb4.27.4&#8243; _module_preset=\u00bb4827deed-2a92-4d97-a22f-f01067ae6873&#8243; header_text_color=\u00bb#E7E2BC\u00bb global_colors_info=\u00bb{%22gcid-82d6c09a-d813-40a8-95b4-5069eeb5bf47%22:%91%22header_4_text_color%22%93}\u00bb]<a href=\"https:\/\/www.chillibarcelona.com\/es\/menu\/\">Men\u00fa<\/a>[\/et_pb_text][et_pb_text _builder_version=\u00bb4.27.4&#8243; _module_preset=\u00bb4827deed-2a92-4d97-a22f-f01067ae6873&#8243; header_text_color=\u00bb#E7E2BC\u00bb global_colors_info=\u00bb{}\u00bb]<\/p>\n<p><a href=\"https:\/\/www.chillibarcelona.com\/es\/reservas\/\">Reserva ahora<\/a><\/p>\n<p>[\/et_pb_text][et_pb_text _builder_version=\u00bb4.27.4&#8243; _module_preset=\u00bb4827deed-2a92-4d97-a22f-f01067ae6873&#8243; header_text_color=\u00bb#E7E2BC\u00bb global_colors_info=\u00bb{}\u00bb]<\/p>\n<p><a href=\"#\">Acerca de<\/a><\/p>\n<p>[\/et_pb_text][\/et_pb_column][et_pb_column type=\u00bb1_4&#8243; _builder_version=\u00bb4.18.0&#8243; _module_preset=\u00bbdefault\u00bb global_colors_info=\u00bb{}\u00bb][et_pb_text _builder_version=\u00bb4.27.4&#8243; _module_preset=\u00bb4827deed-2a92-4d97-a22f-f01067ae6873&#8243; header_text_color=\u00bb#E7E2BC\u00bb locked=\u00bboff\u00bb global_colors_info=\u00bb{}\u00bb]<a href=\"https:\/\/www.chillibarcelona.com\/es\/galeria\/\">Galer\u00eda<\/a>[\/et_pb_text][et_pb_text _builder_version=\u00bb4.27.4&#8243; _module_preset=\u00bb4827deed-2a92-4d97-a22f-f01067ae6873&#8243; header_text_color=\u00bb#E7E2BC\u00bb locked=\u00bboff\u00bb global_colors_info=\u00bb{}\u00bb]<\/p>\n<p><a href=\"#\">Condiciones generales<\/a><\/p>\n<p>[\/et_pb_text][et_pb_text _builder_version=\u00bb4.27.4&#8243; _module_preset=\u00bb4827deed-2a92-4d97-a22f-f01067ae6873&#8243; header_text_color=\u00bb#E7E2BC\u00bb locked=\u00bboff\u00bb global_colors_info=\u00bb{}\u00bb]<\/p>\n<p><a href=\"#\">Pol\u00edtica de privacidad<\/a><\/p>\n<p>[\/et_pb_text][\/et_pb_column][\/et_pb_row][\/et_pb_section]<\/p>\n","protected":false},"excerpt":{"rendered":"<p>GALER\u00cdAInterior<div class=\"et_pb_module dmg_masonry_gallery dmg_masonry_gallery_0\">\n\t\t\t\t\n\t\t\t\t\n\t\t\t\t\n\t\t\t\t\n\t\t\t\t\n\t\t\t\t\n\t\t\t\t<div class=\"et_pb_module_inner\">\n\t\t\t\t\t\n\t\t\t<div class=\"dmg-gallery-wrapper\">\n\t\t\t\t\n\t\t\t\t<div class=\"dmg-gallery dmg-modal-gallery \">\n\t\t\t\t\t<div class=\"dmg-gallery-sizer\"><\/div>\n\t\t\t\t\t<div class=\"dmg-gutter-sizer\"><\/div>\n\t\t\t\t\t\n\t\t\t\t\t\t\t<a data-width=\"980\" data-height=\"735\" href=\"https:\/\/www.chillibarcelona.com\/wp-content\/uploads\/2025\/03\/Indian-Restaurant-Chilli-Barcelona.jpeg\"  data-categories=\"\" class=\"dmg_masonry_gallery_item \" >\n\t\t\t\t\t\t\t\t<img class=\"dmg-lazyload\" alt=\"Indian Restaurant Chilli Barcelona\" data-src=\"https:\/\/www.chillibarcelona.com\/wp-content\/uploads\/2025\/03\/Indian-Restaurant-Chilli-Barcelona-980x735.jpeg\" width=\"980\" height=\"735\" \/>\n\t\t\t\t\t\t\t\t<span class=\"et_overlay\"><\/span>\n\t\t\t\t\t\t\t<\/a>\n\t\t\t\t\t\t\t\n\t\t\t\t\t\t\t<a data-width=\"960\" data-height=\"1280\" href=\"https:\/\/www.chillibarcelona.com\/wp-content\/uploads\/2025\/03\/Indian-Restaurant-Chilli-Barcelona-2.jpeg\"  data-categories=\"\" class=\"dmg_masonry_gallery_item \" >\n\t\t\t\t\t\t\t\t<img class=\"dmg-lazyload\" alt=\"Indian Restaurant Chilli Barcelona\" data-src=\"https:\/\/www.chillibarcelona.com\/wp-content\/uploads\/2025\/03\/Indian-Restaurant-Chilli-Barcelona-2.jpeg\" width=\"960\" height=\"1280\" \/>\n\t\t\t\t\t\t\t\t<span class=\"et_overlay\"><\/span>\n\t\t\t\t\t\t\t<\/a>\n\t\t\t\t\t\t\t\n\t\t\t\t\t\t\t<a data-width=\"960\" data-height=\"1280\" href=\"https:\/\/www.chillibarcelona.com\/wp-content\/uploads\/2025\/03\/Indian-Restaurant-Chilli-Barcelona-7.jpeg\"  data-categories=\"\" class=\"dmg_masonry_gallery_item \" >\n\t\t\t\t\t\t\t\t<img class=\"dmg-lazyload\" alt=\"Indian Restaurant Chilli Barcelona\" data-src=\"https:\/\/www.chillibarcelona.com\/wp-content\/uploads\/2025\/03\/Indian-Restaurant-Chilli-Barcelona-7.jpeg\" width=\"960\" height=\"1280\" \/>\n\t\t\t\t\t\t\t\t<span class=\"et_overlay\"><\/span>\n\t\t\t\t\t\t\t<\/a>\n\t\t\t\t\t\t\t\n\t\t\t\t\t\t\t<a data-width=\"980\" data-height=\"735\" href=\"https:\/\/www.chillibarcelona.com\/wp-content\/uploads\/2025\/03\/Indian-Restaurant-Chilli-Barcelona-6.jpeg\"  data-categories=\"\" class=\"dmg_masonry_gallery_item \" >\n\t\t\t\t\t\t\t\t<img class=\"dmg-lazyload\" alt=\"Indian Restaurant Chilli Barcelona\" data-src=\"https:\/\/www.chillibarcelona.com\/wp-content\/uploads\/2025\/03\/Indian-Restaurant-Chilli-Barcelona-6-980x735.jpeg\" width=\"980\" height=\"735\" \/>\n\t\t\t\t\t\t\t\t<span class=\"et_overlay\"><\/span>\n\t\t\t\t\t\t\t<\/a>\n\t\t\t\t\t\t\t\n\t\t\t\t\t\t\t<a data-width=\"960\" data-height=\"1280\" href=\"https:\/\/www.chillibarcelona.com\/wp-content\/uploads\/2025\/03\/Indian-Restaurant-Chilli-Barcelona-5.jpeg\"  data-categories=\"\" class=\"dmg_masonry_gallery_item \" >\n\t\t\t\t\t\t\t\t<img class=\"dmg-lazyload\" alt=\"Indian Restaurant Chilli Barcelona\" data-src=\"https:\/\/www.chillibarcelona.com\/wp-content\/uploads\/2025\/03\/Indian-Restaurant-Chilli-Barcelona-5.jpeg\" width=\"960\" height=\"1280\" \/>\n\t\t\t\t\t\t\t\t<span class=\"et_overlay\"><\/span>\n\t\t\t\t\t\t\t<\/a>\n\t\t\t\t\t\t\t\n\t\t\t\t\t\t\t<a data-width=\"960\" data-height=\"1280\" href=\"https:\/\/www.chillibarcelona.com\/wp-content\/uploads\/2025\/03\/Indian-Restaurant-Chilli-Barcelona-4.jpeg\"  data-categories=\"\" class=\"dmg_masonry_gallery_item \" >\n\t\t\t\t\t\t\t\t<img class=\"dmg-lazyload\" alt=\"Indian Restaurant Chilli Barcelona\" data-src=\"https:\/\/www.chillibarcelona.com\/wp-content\/uploads\/2025\/03\/Indian-Restaurant-Chilli-Barcelona-4.jpeg\" width=\"960\" height=\"1280\" \/>\n\t\t\t\t\t\t\t\t<span class=\"et_overlay\"><\/span>\n\t\t\t\t\t\t\t<\/a>\n\t\t\t\t\t\t\t\n\t\t\t\t\t\t\t<a data-width=\"960\" data-height=\"1280\" href=\"https:\/\/www.chillibarcelona.com\/wp-content\/uploads\/2025\/03\/Indian-Restaurant-Chilli-Barcelona-3.jpeg\"  data-categories=\"\" class=\"dmg_masonry_gallery_item \" >\n\t\t\t\t\t\t\t\t<img class=\"dmg-lazyload\" alt=\"Indian Restaurant Chilli Barcelona\" data-src=\"https:\/\/www.chillibarcelona.com\/wp-content\/uploads\/2025\/03\/Indian-Restaurant-Chilli-Barcelona-3.jpeg\" width=\"960\" height=\"1280\" \/>\n\t\t\t\t\t\t\t\t<span class=\"et_overlay\"><\/span>\n\t\t\t\t\t\t\t<\/a>\n\t\t\t\t\t\t\t\n\t\t\t\t<a data-width=\"980\" data-height=\"735\" href=\"https:\/\/www.chillibarcelona.com\/wp-content\/uploads\/2025\/03\/Indian-Restaurant-Chilli-Barcelona-1.jpeg\"  class=\"dmg_masonry_gallery_item \">\n\t\t\t\t\t<img class=\"dmg-lazyload\" alt=\"Indian Restaurant Chilli Barcelona\" data-src=\"https:\/\/www.chillibarcelona.com\/wp-content\/uploads\/2025\/03\/Indian-Restaurant-Chilli-Barcelona-1-980x735.jpeg\" width=\"980\" height=\"735\" \/>\n\t\t\t\t\t<div class=\"dmg-minimized-layer\">\n\t\t\t\t\t\t<p class=\"gallery-minimized-text\">+-18<br\/><span><\/span><\/p>\n\t\t\t\t\t<\/div>\n\t\t\t\t<\/a>\n\t\t\t\t\n\t  \t\t\t<\/div>\n\t  \t\t\t\n  \t\t\t<\/div>\n  \t\t\t\n\t\t\t\t<\/div>\n\t\t\t<\/div>Cocina<div class=\"et_pb_module dmg_masonry_gallery dmg_masonry_gallery_1\">\n\t\t\t\t\n\t\t\t\t\n\t\t\t\t\n\t\t\t\t\n\t\t\t\t\n\t\t\t\t\n\t\t\t\t<div class=\"et_pb_module_inner\">\n\t\t\t\t\t\n\t\t\t<div class=\"dmg-gallery-wrapper\">\n\t\t\t\t\n\t\t\t\t<div class=\"dmg-gallery dmg-modal-gallery \">\n\t\t\t\t\t<div class=\"dmg-gallery-sizer\"><\/div>\n\t\t\t\t\t<div class=\"dmg-gutter-sizer\"><\/div>\n\t\t\t\t\t\n\t\t\t\t\t\t\t<a data-width=\"980\" data-height=\"1225\" href=\"https:\/\/www.chillibarcelona.com\/wp-content\/uploads\/2025\/03\/327760118_948483223196770_4118227641135717986_n.jpeg\"  data-categories=\"\" class=\"dmg_masonry_gallery_item \" >\n\t\t\t\t\t\t\t\t<img class=\"dmg-lazyload\" alt=\"Indian Restaurant Barcelona\" data-src=\"https:\/\/www.chillibarcelona.com\/wp-content\/uploads\/2025\/03\/327760118_948483223196770_4118227641135717986_n-980x1225.jpeg\" width=\"980\" height=\"1225\" \/>\n\t\t\t\t\t\t\t\t<span class=\"et_overlay\"><\/span>\n\t\t\t\t\t\t\t<\/a>\n\t\t\t\t\t\t\t\n\t\t\t\t\t\t\t<a data-width=\"980\" data-height=\"1021\" href=\"https:\/\/www.chillibarcelona.com\/wp-content\/uploads\/2025\/01\/Indian-Restaurant-Barcelona-11.jpeg\"  data-categories=\"\" class=\"dmg_masonry_gallery_item \" >\n\t\t\t\t\t\t\t\t<img class=\"dmg-lazyload\" alt=\"Indian Restaurant Barcelona\" data-src=\"https:\/\/www.chillibarcelona.com\/wp-content\/uploads\/2025\/01\/Indian-Restaurant-Barcelona-11-980x1021.jpeg\" width=\"980\" height=\"1021\" \/>\n\t\t\t\t\t\t\t\t<span class=\"et_overlay\"><\/span>\n\t\t\t\t\t\t\t<\/a>\n\t\t\t\t\t\t\t\n\t\t\t\t\t\t\t<a data-width=\"574\" data-height=\"574\" href=\"https:\/\/www.chillibarcelona.com\/wp-content\/uploads\/2025\/01\/Indian-Restaurant-Barcelona-6.jpeg\"  data-categories=\"\" class=\"dmg_masonry_gallery_item \" >\n\t\t\t\t\t\t\t\t<img class=\"dmg-lazyload\" alt=\"Indian Restaurant Barcelona\" data-src=\"https:\/\/www.chillibarcelona.com\/wp-content\/uploads\/2025\/01\/Indian-Restaurant-Barcelona-6.jpeg\" width=\"574\" height=\"574\" \/>\n\t\t\t\t\t\t\t\t<span class=\"et_overlay\"><\/span>\n\t\t\t\t\t\t\t<\/a>\n\t\t\t\t\t\t\t\n\t\t\t\t\t\t\t<a data-width=\"980\" data-height=\"980\" href=\"https:\/\/www.chillibarcelona.com\/wp-content\/uploads\/2025\/03\/316419609_134010012780609_7922234242300010917_n.jpeg\"  data-categories=\"\" class=\"dmg_masonry_gallery_item \" >\n\t\t\t\t\t\t\t\t<img class=\"dmg-lazyload\" alt=\"Indian Restaurant Barcelona\" data-src=\"https:\/\/www.chillibarcelona.com\/wp-content\/uploads\/2025\/03\/316419609_134010012780609_7922234242300010917_n-980x980.jpeg\" width=\"980\" height=\"980\" \/>\n\t\t\t\t\t\t\t\t<span class=\"et_overlay\"><\/span>\n\t\t\t\t\t\t\t<\/a>\n\t\t\t\t\t\t\t\n\t\t\t\t\t\t\t<a data-width=\"980\" data-height=\"1225\" href=\"https:\/\/www.chillibarcelona.com\/wp-content\/uploads\/2025\/03\/319134341_456802899941928_4072696084883994502_n.jpeg\"  data-categories=\"\" class=\"dmg_masonry_gallery_item \" >\n\t\t\t\t\t\t\t\t<img class=\"dmg-lazyload\" alt=\"Indian Restaurant Barcelona\" data-src=\"https:\/\/www.chillibarcelona.com\/wp-content\/uploads\/2025\/03\/319134341_456802899941928_4072696084883994502_n-980x1225.jpeg\" width=\"980\" height=\"1225\" \/>\n\t\t\t\t\t\t\t\t<span class=\"et_overlay\"><\/span>\n\t\t\t\t\t\t\t<\/a>\n\t\t\t\t\t\t\t\n\t\t\t\t\t\t\t<a data-width=\"956\" data-height=\"765\" href=\"https:\/\/www.chillibarcelona.com\/wp-content\/uploads\/2025\/01\/Indian-Restaurant-Barcelona-5.jpeg\"  data-categories=\"\" class=\"dmg_masonry_gallery_item \" >\n\t\t\t\t\t\t\t\t<img class=\"dmg-lazyload\" alt=\"Indian Restaurant Barcelona\" data-src=\"https:\/\/www.chillibarcelona.com\/wp-content\/uploads\/2025\/01\/Indian-Restaurant-Barcelona-5.jpeg\" width=\"956\" height=\"765\" \/>\n\t\t\t\t\t\t\t\t<span class=\"et_overlay\"><\/span>\n\t\t\t\t\t\t\t<\/a>\n\t\t\t\t\t\t\t\n\t\t\t\t\t\t\t<a data-width=\"980\" data-height=\"980\" href=\"https:\/\/www.chillibarcelona.com\/wp-content\/uploads\/2025\/03\/330396192_1266646023736475_4297869542468824635_n.jpeg\"  data-categories=\"\" class=\"dmg_masonry_gallery_item \" >\n\t\t\t\t\t\t\t\t<img class=\"dmg-lazyload\" alt=\"Indian Restaurant Barcelona\" data-src=\"https:\/\/www.chillibarcelona.com\/wp-content\/uploads\/2025\/03\/330396192_1266646023736475_4297869542468824635_n-980x980.jpeg\" width=\"980\" height=\"980\" \/>\n\t\t\t\t\t\t\t\t<span class=\"et_overlay\"><\/span>\n\t\t\t\t\t\t\t<\/a>\n\t\t\t\t\t\t\t\n\t\t\t\t\t\t\t<a data-width=\"957\" data-height=\"766\" href=\"https:\/\/www.chillibarcelona.com\/wp-content\/uploads\/2025\/01\/Indian-Restaurant-Barcelona-4.jpeg\"  data-categories=\"\" class=\"dmg_masonry_gallery_item \" >\n\t\t\t\t\t\t\t\t<img class=\"dmg-lazyload\" alt=\"Indian Restaurant Barcelona\" data-src=\"https:\/\/www.chillibarcelona.com\/wp-content\/uploads\/2025\/01\/Indian-Restaurant-Barcelona-4.jpeg\" width=\"957\" height=\"766\" \/>\n\t\t\t\t\t\t\t\t<span class=\"et_overlay\"><\/span>\n\t\t\t\t\t\t\t<\/a>\n\t\t\t\t\t\t\t\n\t\t\t\t\t\t\t<a data-width=\"980\" data-height=\"980\" href=\"https:\/\/www.chillibarcelona.com\/wp-content\/uploads\/2025\/01\/Indian-Restaurant-Barcelona-9.jpeg\"  data-categories=\"\" class=\"dmg_masonry_gallery_item \" >\n\t\t\t\t\t\t\t\t<img class=\"dmg-lazyload\" alt=\"Indian Restaurant Barcelona\" data-src=\"https:\/\/www.chillibarcelona.com\/wp-content\/uploads\/2025\/01\/Indian-Restaurant-Barcelona-9-980x980.jpeg\" width=\"980\" height=\"980\" \/>\n\t\t\t\t\t\t\t\t<span class=\"et_overlay\"><\/span>\n\t\t\t\t\t\t\t<\/a>\n\t\t\t\t\t\t\t\n\t\t\t\t\t\t\t<a data-width=\"980\" data-height=\"980\" href=\"https:\/\/www.chillibarcelona.com\/wp-content\/uploads\/2025\/01\/Indian-Restaurant-Barcelona-2.jpeg\"  data-categories=\"\" class=\"dmg_masonry_gallery_item \" >\n\t\t\t\t\t\t\t\t<img class=\"dmg-lazyload\" alt=\"Indian Restaurant Barcelona\" data-src=\"https:\/\/www.chillibarcelona.com\/wp-content\/uploads\/2025\/01\/Indian-Restaurant-Barcelona-2-980x980.jpeg\" width=\"980\" height=\"980\" \/>\n\t\t\t\t\t\t\t\t<span class=\"et_overlay\"><\/span>\n\t\t\t\t\t\t\t<\/a>\n\t\t\t\t\t\t\t\n\t\t\t\t\t\t\t<a data-width=\"765\" data-height=\"765\" href=\"https:\/\/www.chillibarcelona.com\/wp-content\/uploads\/2025\/01\/Indian-Restaurant-Barcelona-3.jpeg\"  data-categories=\"\" class=\"dmg_masonry_gallery_item \" >\n\t\t\t\t\t\t\t\t<img class=\"dmg-lazyload\" alt=\"Indian Restaurant Barcelona\" data-src=\"https:\/\/www.chillibarcelona.com\/wp-content\/uploads\/2025\/01\/Indian-Restaurant-Barcelona-3.jpeg\" width=\"765\" height=\"765\" \/>\n\t\t\t\t\t\t\t\t<span class=\"et_overlay\"><\/span>\n\t\t\t\t\t\t\t<\/a>\n\t\t\t\t\t\t\t\n\t\t\t\t\t\t\t<a data-width=\"956\" data-height=\"765\" href=\"https:\/\/www.chillibarcelona.com\/wp-content\/uploads\/2025\/01\/Indian-Restaurant-Barcelona-7.jpeg\"  data-categories=\"\" class=\"dmg_masonry_gallery_item \" >\n\t\t\t\t\t\t\t\t<img class=\"dmg-lazyload\" alt=\"Indian Restaurant Barcelona\" data-src=\"https:\/\/www.chillibarcelona.com\/wp-content\/uploads\/2025\/01\/Indian-Restaurant-Barcelona-7.jpeg\" width=\"956\" height=\"765\" \/>\n\t\t\t\t\t\t\t\t<span class=\"et_overlay\"><\/span>\n\t\t\t\t\t\t\t<\/a>\n\t\t\t\t\t\t\t\n\t\t\t\t\t\t\t<a data-width=\"980\" data-height=\"980\" href=\"https:\/\/www.chillibarcelona.com\/wp-content\/uploads\/2025\/03\/318410526_137382799109997_6988574965898531428_n.jpeg\"  data-categories=\"\" class=\"dmg_masonry_gallery_item \" >\n\t\t\t\t\t\t\t\t<img class=\"dmg-lazyload\" alt=\"Indian Restaurant Barcelona\" data-src=\"https:\/\/www.chillibarcelona.com\/wp-content\/uploads\/2025\/03\/318410526_137382799109997_6988574965898531428_n-980x980.jpeg\" width=\"980\" height=\"980\" \/>\n\t\t\t\t\t\t\t\t<span class=\"et_overlay\"><\/span>\n\t\t\t\t\t\t\t<\/a>\n\t\t\t\t\t\t\t\n\t\t\t\t<a data-width=\"916\" data-height=\"916\" href=\"https:\/\/www.chillibarcelona.com\/wp-content\/uploads\/2025\/01\/Indian-Restaurant-Barcelona-8.jpeg\"  class=\"dmg_masonry_gallery_item \">\n\t\t\t\t\t<img class=\"dmg-lazyload\" alt=\"Indian Restaurant Barcelona\" data-src=\"https:\/\/www.chillibarcelona.com\/wp-content\/uploads\/2025\/01\/Indian-Restaurant-Barcelona-8.jpeg\" width=\"916\" height=\"916\" \/>\n\t\t\t\t\t<div class=\"dmg-minimized-layer\">\n\t\t\t\t\t\t<p class=\"gallery-minimized-text\">+-12<br\/><span><\/span><\/p>\n\t\t\t\t\t<\/div>\n\t\t\t\t<\/a>\n\t\t\t\t\n\t  \t\t\t<\/div>\n\t  \t\t\t\n  \t\t\t<\/div>\n  \t\t\t\n\t\t\t\t<\/div>\n\t\t\t<\/div>\u00danete a nuestro bolet\u00edn para estar al d\u00edaCHILLI Barcelona+34 600 08 55 40Men\u00faReserva ahoraAcerca deGaler\u00edaCondiciones generalesPol\u00edtica de privacidad<\/p>\n","protected":false},"author":1,"featured_media":0,"parent":0,"menu_order":0,"comment_status":"closed","ping_status":"closed","template":"","meta":{"_et_pb_use_builder":"on","_et_pb_old_content":"","_et_gb_content_width":"","footnotes":""},"class_list":["post-846","page","type-page","status-publish","hentry"],"_links":{"self":[{"href":"https:\/\/www.chillibarcelona.com\/es\/wp-json\/wp\/v2\/pages\/846","targetHints":{"allow":["GET"]}}],"collection":[{"href":"https:\/\/www.chillibarcelona.com\/es\/wp-json\/wp\/v2\/pages"}],"about":[{"href":"https:\/\/www.chillibarcelona.com\/es\/wp-json\/wp\/v2\/types\/page"}],"author":[{"embeddable":true,"href":"https:\/\/www.chillibarcelona.com\/es\/wp-json\/wp\/v2\/users\/1"}],"replies":[{"embeddable":true,"href":"https:\/\/www.chillibarcelona.com\/es\/wp-json\/wp\/v2\/comments?post=846"}],"version-history":[{"count":10,"href":"https:\/\/www.chillibarcelona.com\/es\/wp-json\/wp\/v2\/pages\/846\/revisions"}],"predecessor-version":[{"id":1409,"href":"https:\/\/www.chillibarcelona.com\/es\/wp-json\/wp\/v2\/pages\/846\/revisions\/1409"}],"wp:attachment":[{"href":"https:\/\/www.chillibarcelona.com\/es\/wp-json\/wp\/v2\/media?parent=846"}],"curies":[{"name":"wp","href":"https:\/\/api.w.org\/{rel}","templated":true}]}}