{"id":837,"date":"2025-01-20T18:20:09","date_gmt":"2025-01-20T17:20:09","guid":{"rendered":"https:\/\/www.chillibarcelona.com\/mira-dentro\/"},"modified":"2025-03-08T18:09:13","modified_gmt":"2025-03-08T17:09:13","slug":"mira-dentro","status":"publish","type":"page","link":"https:\/\/www.chillibarcelona.com\/es\/mira-dentro\/","title":{"rendered":"Mira dentro"},"content":{"rendered":"<p>[et_pb_section fb_built=\u00bb1&#8243; admin_label=\u00bbHeader\u00bb _builder_version=\u00bb4.27.4&#8243; _module_preset=\u00bbdefault\u00bb background_color=\u00bbgcid-f53bea2f-11b6-47b2-a970-343c85385294&#8243; use_background_color_gradient=\u00bbon\u00bb background_color_gradient_stops=\u00bbrgba(0,0,0,0.83) 0%|rgba(0,0,0,0.64) 100%\u00bb background_color_gradient_overlays_image=\u00bbon\u00bb background_image=\u00bbhttps:\/\/www.chillibarcelona.com\/wp-content\/uploads\/2025\/01\/indio-restaurante-barcelona-21.jpg\u00bb background_position=\u00bbbottom_right\u00bb background_vertical_offset=\u00bb100%\u00bb overflow-x=\u00bbhidden\u00bb overflow-y=\u00bbhidden\u00bb collapsed=\u00bboff\u00bb global_colors_info=\u00bb{%22gcid-f53bea2f-11b6-47b2-a970-343c85385294%22:%91%22background_color_gradient_stops%22,%22background_color%22%93}\u00bb][et_pb_row _builder_version=\u00bb4.18.0&#8243; _module_preset=\u00bbdefault\u00bb global_colors_info=\u00bb{}\u00bb][et_pb_column type=\u00bb4_4&#8243; _builder_version=\u00bb4.18.0&#8243; _module_preset=\u00bbdefault\u00bb global_colors_info=\u00bb{}\u00bb][et_pb_text _builder_version=\u00bb4.27.4&#8243; _module_preset=\u00bb96644ad0-f6bd-4449-a7d0-1de15f501729&#8243; header_font_size=\u00bb64px\u00bb global_colors_info=\u00bb{}\u00bb]<\/p>\n<h1>Mira dentro.<\/h1>\n<p>[\/et_pb_text][\/et_pb_column][\/et_pb_row][et_pb_row _builder_version=\u00bb4.27.4&#8243; _module_preset=\u00bbdefault\u00bb box_shadow_style=\u00bbpreset1&#8243; box_shadow_color=\u00bb#FFFFFF\u00bb global_colors_info=\u00bb{}\u00bb][et_pb_column type=\u00bb4_4&#8243; _builder_version=\u00bb4.18.0&#8243; _module_preset=\u00bbdefault\u00bb global_colors_info=\u00bb{}\u00bb][et_pb_code _builder_version=\u00bb4.27.4&#8243; _module_preset=\u00bbdefault\u00bb global_colors_info=\u00bb{}\u00bb]<iframe src=\"https:\/\/www.google.com\/maps\/embed?pb=!4v1730990025310!6m8!1m7!1sCAoSLEFGMVFpcE42bHFTZzlia294b1hESzQwTHlqR3JHc0IyTUsxTThuRjFpcG9E!2m2!1d41.38925415290413!2d2.171636172132322!3f230.27703162078626!4f1.1716340758044197!5f0.7820865974627469\" width=\"100%\" height=\"600\" style=\"border:0;\" allowfullscreen=\"\" loading=\"lazy\" referrerpolicy=\"no-referrer-when-downgrade\"><\/iframe>[\/et_pb_code][\/et_pb_column][\/et_pb_row][\/et_pb_section][et_pb_section fb_built=\u00bb1&#8243; admin_label=\u00bbMap\u00bb module_id=\u00bbmapa\u00bb _builder_version=\u00bb4.18.0&#8243; _module_preset=\u00bbdefault\u00bb background_color=\u00bbgcid-f53bea2f-11b6-47b2-a970-343c85385294&#8243; global_module=\u00bb497&#8243; saved_tabs=\u00bball\u00bb collapsed=\u00bbon\u00bb global_colors_info=\u00bb{%22gcid-f53bea2f-11b6-47b2-a970-343c85385294%22:%91%22background_color%22%93}\u00bb][et_pb_row _builder_version=\u00bb4.18.0&#8243; _module_preset=\u00bbdefault\u00bb width=\u00bb90%\u00bb max_width=\u00bb100%\u00bb global_colors_info=\u00bb{}\u00bb][et_pb_column type=\u00bb4_4&#8243; _builder_version=\u00bb4.18.0&#8243; _module_preset=\u00bbdefault\u00bb global_colors_info=\u00bb{}\u00bb][et_pb_map address=\u00bbCarrer de Pau Claris, 77, L&#8217;Eixample, 08010 Barcelona, Spain\u00bb address_lat=\u00bb41.3892228&#8243; address_lng=\u00bb2.1715933&#8243; mouse_wheel=\u00bboff\u00bb _builder_version=\u00bb4.27.4&#8243; _module_preset=\u00bbdefault\u00bb filter_saturate=\u00bb0%\u00bb filter_brightness=\u00bb70%\u00bb filter_sepia=\u00bb80%\u00bb global_colors_info=\u00bb{}\u00bb][et_pb_map_pin title=\u00bb\u00a1Ya estamos aqu\u00ed!\u00bb pin_address=\u00bbCarrer de Pau Claris, 77, L&#8217;Eixample, 08010 Barcelona, Spain\u00bb pin_address_lat=\u00bb41.3892228&#8243; pin_address_lng=\u00bb2.1715933&#8243; _builder_version=\u00bb4.27.4&#8243; _module_preset=\u00bbdefault\u00bb global_colors_info=\u00bb{}\u00bb]<\/p>\n<p>Tel. 600 085 540<\/p>\n<p>[\/et_pb_map_pin][\/et_pb_map][\/et_pb_column][\/et_pb_row][\/et_pb_section][et_pb_section fb_built=\u00bb1&#8243; admin_label=\u00bbFooter\u00bb _builder_version=\u00bb4.27.4&#8243; _module_preset=\u00bbdefault\u00bb background_color=\u00bbgcid-f53bea2f-11b6-47b2-a970-343c85385294&#8243; use_background_color_gradient=\u00bbon\u00bb background_color_gradient_stops=\u00bbrgba(0,0,0,0.81) 0%|rgba(0,0,0,0.5) 100%\u00bb background_color_gradient_overlays_image=\u00bbon\u00bb background_image=\u00bbhttps:\/\/www.chillibarcelona.com\/wp-content\/uploads\/2025\/01\/jkjljl.jpg\u00bb custom_padding=\u00bb10vw||10vw||true|false\u00bb global_module=\u00bb348&#8243; saved_tabs=\u00bball\u00bb collapsed=\u00bboff\u00bb global_colors_info=\u00bb{%22gcid-f53bea2f-11b6-47b2-a970-343c85385294%22:%91%22background_color_gradient_stops%22,%22background_color%22%93}\u00bb][et_pb_row _builder_version=\u00bb4.18.0&#8243; _module_preset=\u00bbdefault\u00bb max_width=\u00bb630px\u00bb custom_margin=\u00bb||10vw||false|false\u00bb global_colors_info=\u00bb{}\u00bb][et_pb_column type=\u00bb4_4&#8243; _builder_version=\u00bb4.18.0&#8243; _module_preset=\u00bbdefault\u00bb global_colors_info=\u00bb{}\u00bb][et_pb_text _builder_version=\u00bb4.27.4&#8243; _module_preset=\u00bbb327cbe4-b1d5-4b66-ad37-40c8f2f061ba\u00bb header_text_color=\u00bb#E7E2BC\u00bb global_colors_info=\u00bb{}\u00bb]<\/p>\n<h2>\u00danete a nuestro bolet\u00edn para estar al d\u00eda<\/h2>\n<p>[\/et_pb_text][et_pb_signup mailchimp_list=\u00bbelegantthemestest|1ea2bbd026&#8243; layout=\u00bbtop_bottom\u00bb first_name_field=\u00bboff\u00bb last_name_field=\u00bboff\u00bb _builder_version=\u00bb4.27.4&#8243; _module_preset=\u00bbf5dd8511-592b-43f8-b02a-fca5b467e34a\u00bb form_field_background_color=\u00bbRGBA(255,255,255,0)\u00bb form_field_text_color=\u00bb#e7e2bc\u00bb form_field_custom_padding=\u00bb17px|30px|17px|30px|true|true\u00bb form_field_font=\u00bbflat bold|300|on||||||\u00bb form_field_text_align=\u00bbcenter\u00bb form_field_font_size=\u00bb18px\u00bb background_enable_color=\u00bboff\u00bb use_background_color=\u00bboff\u00bb custom_button=\u00bbon\u00bb button_text_size=\u00bb18px\u00bb button_text_color=\u00bb#000000&#8243; button_bg_color=\u00bb#e2bc69&#8243; button_border_width=\u00bb0px\u00bb button_border_radius=\u00bb0px\u00bb button_font=\u00bbflat bold|700|on||||||\u00bb button_custom_padding=\u00bb12px|30px|12px|30px|true|true\u00bb form_field_font_size_tablet=\u00bb16px\u00bb form_field_font_size_phone=\u00bb14px\u00bb form_field_font_size_last_edited=\u00bbon|desktop\u00bb border_radii_fields=\u00bbon|0px|0px|0px|0px\u00bb border_width_all_fields=\u00bb3px\u00bb border_color_all_fields=\u00bb#A45137&#8243; border_width_bottom_fields=\u00bb2px\u00bb locked=\u00bboff\u00bb global_colors_info=\u00bb{}\u00bb][\/et_pb_signup][\/et_pb_column][\/et_pb_row][et_pb_row column_structure=\u00bb1_2,1_4,1_4&#8243; _builder_version=\u00bb4.18.0&#8243; _module_preset=\u00bbdefault\u00bb global_colors_info=\u00bb{}\u00bb][et_pb_column type=\u00bb1_2&#8243; _builder_version=\u00bb4.18.0&#8243; _module_preset=\u00bbdefault\u00bb global_colors_info=\u00bb{}\u00bb][et_pb_text _builder_version=\u00bb4.27.4&#8243; _module_preset=\u00bbaaa7c440-590a-4078-ae0c-0f3c699ac51c\u00bb header_text_align=\u00bbleft\u00bb header_letter_spacing=\u00bb2px\u00bb global_colors_info=\u00bb{%22gcid-82d6c09a-d813-40a8-95b4-5069eeb5bf47%22:%91%22header_3_text_color%22%93}\u00bb]<\/p>\n<h1>CHILLI Barcelona<\/h1>\n<p>[\/et_pb_text][et_pb_blurb title=\u00bbLl\u00e1manos\u00bb content_max_width=\u00bb100%\u00bb _builder_version=\u00bb4.27.4&#8243; _module_preset=\u00bb7c394586-d55e-4f8e-967a-7e42ab3d85af\u00bb header_font=\u00bbflat bold|&#8211;et_global_heading_font_weight||on|||||\u00bb header_text_align=\u00bbleft\u00bb header_text_color=\u00bb#000000&#8243; header_font_size=\u00bb31px\u00bb header_letter_spacing=\u00bb2px\u00bb body_font=\u00bbflat bold||||||||\u00bb body_text_color=\u00bb#a45137&#8243; body_font_size=\u00bb21px\u00bb body_line_height=\u00bb1em\u00bb body_link_text_color=\u00bb#000000&#8243; background_color=\u00bb#e2bc69&#8243; background_enable_pattern_style=\u00bbon\u00bb background_pattern_style=\u00bbscallops\u00bb background_pattern_color=\u00bbrgba(0,0,0,0.05)\u00bb background_pattern_size=\u00bbcustom\u00bb background_pattern_width=\u00bb30px\u00bb custom_margin=\u00bb|||-10vw|false|false\u00bb custom_padding=\u00bb30px|30px|30px|10vw|true|false\u00bb custom_padding_tablet=\u00bb\u00bb custom_padding_phone=\u00bb20px|20px|20px||true|false\u00bb custom_padding_last_edited=\u00bbon|phone\u00bb animation=\u00bboff\u00bb header_font_size_tablet=\u00bb16px\u00bb header_font_size_phone=\u00bb14px\u00bb header_font_size_last_edited=\u00bbon|desktop\u00bb body_font_last_edited=\u00bboff|desktop\u00bb body_font_size_tablet=\u00bb20px\u00bb body_font_size_phone=\u00bb16px\u00bb body_font_size_last_edited=\u00bboff|phone\u00bb locked=\u00bboff\u00bb global_colors_info=\u00bb{}\u00bb]<\/p>\n<p><span style=\"color: #000000;\">+34 600 08 55 40<\/span><\/p>\n<p>[\/et_pb_blurb][et_pb_code _builder_version=\u00bb4.27.4&#8243; _module_preset=\u00bbdefault\u00bb custom_margin=\u00bb|||-10vw|false|false\u00bb global_colors_info=\u00bb{}\u00bb]<\/p>\n<div id=\"TA_cdsscrollingravewide54\" class=\"TA_cdsscrollingravewide\">\n<ul id=\"75i7AuHhrkl\" class=\"TA_links 5WVkKW\">\n<li id=\"ZGGbgG\" class=\"HAsim2ooM\"><a target=\"_blank\" href=\"https:\/\/www.tripadvisor.co.uk\/Restaurant_Review-g187497-d25089644-Reviews-Indian_Restaurant_Chilli-Barcelona_Catalonia.html\" rel=\"noopener\"><img decoding=\"async\" src=\"https:\/\/static.tacdn.com\/img2\/brand_refresh\/Tripadvisor_lockup_vertical.svg\" alt=\"TripAdvisor\" class=\"widEXCIMG\" id=\"CDSWIDEXCLOGO\"><\/a><\/li>\n<\/ul>\n<\/div>\n<p><script async=\"\" src=\"https:\/\/www.jscache.com\/wejs?wtype=cdsscrollingravewide&amp;uniq=54&amp;locationId=25089644&amp;lang=en_UK&amp;border=false&amp;backgroundColor=gray&amp;display_version=2\" data-loadtrk=\"\" onload=\"this.loadtrk=true\"><\/script>[\/et_pb_code][\/et_pb_column][et_pb_column type=\u00bb1_4&#8243; _builder_version=\u00bb4.18.0&#8243; _module_preset=\u00bbdefault\u00bb global_colors_info=\u00bb{}\u00bb][et_pb_text _builder_version=\u00bb4.27.4&#8243; _module_preset=\u00bb4827deed-2a92-4d97-a22f-f01067ae6873&#8243; header_text_color=\u00bb#E7E2BC\u00bb global_colors_info=\u00bb{%22gcid-82d6c09a-d813-40a8-95b4-5069eeb5bf47%22:%91%22header_4_text_color%22%93}\u00bb]<a href=\"https:\/\/www.chillibarcelona.com\/es\/menu\/\">Men\u00fa<\/a>[\/et_pb_text][et_pb_text _builder_version=\u00bb4.27.4&#8243; _module_preset=\u00bb4827deed-2a92-4d97-a22f-f01067ae6873&#8243; header_text_color=\u00bb#E7E2BC\u00bb global_colors_info=\u00bb{}\u00bb]<\/p>\n<p><a href=\"https:\/\/www.chillibarcelona.com\/es\/reservas\/\">Reserva ahora<\/a><\/p>\n<p>[\/et_pb_text][et_pb_text _builder_version=\u00bb4.27.4&#8243; _module_preset=\u00bb4827deed-2a92-4d97-a22f-f01067ae6873&#8243; header_text_color=\u00bb#E7E2BC\u00bb global_colors_info=\u00bb{}\u00bb]<\/p>\n<p><a href=\"#\">Acerca de<\/a><\/p>\n<p>[\/et_pb_text][\/et_pb_column][et_pb_column type=\u00bb1_4&#8243; _builder_version=\u00bb4.18.0&#8243; _module_preset=\u00bbdefault\u00bb global_colors_info=\u00bb{}\u00bb][et_pb_text _builder_version=\u00bb4.27.4&#8243; _module_preset=\u00bb4827deed-2a92-4d97-a22f-f01067ae6873&#8243; header_text_color=\u00bb#E7E2BC\u00bb locked=\u00bboff\u00bb global_colors_info=\u00bb{}\u00bb]<a href=\"https:\/\/www.chillibarcelona.com\/es\/galeria\/\">Galer\u00eda<\/a>[\/et_pb_text][et_pb_text _builder_version=\u00bb4.27.4&#8243; _module_preset=\u00bb4827deed-2a92-4d97-a22f-f01067ae6873&#8243; header_text_color=\u00bb#E7E2BC\u00bb locked=\u00bboff\u00bb global_colors_info=\u00bb{}\u00bb]<\/p>\n<p><a href=\"#\">Condiciones generales<\/a><\/p>\n<p>[\/et_pb_text][et_pb_text _builder_version=\u00bb4.27.4&#8243; _module_preset=\u00bb4827deed-2a92-4d97-a22f-f01067ae6873&#8243; header_text_color=\u00bb#E7E2BC\u00bb locked=\u00bboff\u00bb global_colors_info=\u00bb{}\u00bb]<\/p>\n<p><a href=\"#\">Pol\u00edtica de privacidad<\/a><\/p>\n<p>[\/et_pb_text][\/et_pb_column][\/et_pb_row][\/et_pb_section]<\/p>\n","protected":false},"excerpt":{"rendered":"<p>Mira dentro.Tel. 600 085 540\u00danete a nuestro bolet\u00edn para estar al d\u00edaCHILLI Barcelona+34 600 08 55 40Men\u00faReserva ahoraAcerca deGaler\u00edaCondiciones generalesPol\u00edtica de privacidad<\/p>\n","protected":false},"author":1,"featured_media":0,"parent":0,"menu_order":0,"comment_status":"closed","ping_status":"closed","template":"","meta":{"_et_pb_use_builder":"on","_et_pb_old_content":"","_et_gb_content_width":"","footnotes":""},"class_list":["post-837","page","type-page","status-publish","hentry"],"_links":{"self":[{"href":"https:\/\/www.chillibarcelona.com\/es\/wp-json\/wp\/v2\/pages\/837","targetHints":{"allow":["GET"]}}],"collection":[{"href":"https:\/\/www.chillibarcelona.com\/es\/wp-json\/wp\/v2\/pages"}],"about":[{"href":"https:\/\/www.chillibarcelona.com\/es\/wp-json\/wp\/v2\/types\/page"}],"author":[{"embeddable":true,"href":"https:\/\/www.chillibarcelona.com\/es\/wp-json\/wp\/v2\/users\/1"}],"replies":[{"embeddable":true,"href":"https:\/\/www.chillibarcelona.com\/es\/wp-json\/wp\/v2\/comments?post=837"}],"version-history":[{"count":13,"href":"https:\/\/www.chillibarcelona.com\/es\/wp-json\/wp\/v2\/pages\/837\/revisions"}],"predecessor-version":[{"id":1401,"href":"https:\/\/www.chillibarcelona.com\/es\/wp-json\/wp\/v2\/pages\/837\/revisions\/1401"}],"wp:attachment":[{"href":"https:\/\/www.chillibarcelona.com\/es\/wp-json\/wp\/v2\/media?parent=837"}],"curies":[{"name":"wp","href":"https:\/\/api.w.org\/{rel}","templated":true}]}}