{"id":828,"date":"2025-01-19T13:47:07","date_gmt":"2025-01-19T12:47:07","guid":{"rendered":"https:\/\/www.chillibarcelona.com\/menu\/"},"modified":"2026-04-11T16:07:31","modified_gmt":"2026-04-11T14:07:31","slug":"menu","status":"publish","type":"page","link":"https:\/\/www.chillibarcelona.com\/ca\/menu\/","title":{"rendered":"MEN\u00da"},"content":{"rendered":"<p>[et_pb_section fb_built=&#8221;1&#8243; admin_label=&#8221;Header&#8221; _builder_version=&#8221;4.27.4&#8243; _module_preset=&#8221;default&#8221; background_color=&#8221;gcid-f53bea2f-11b6-47b2-a970-343c85385294&#8243; use_background_color_gradient=&#8221;on&#8221; background_color_gradient_stops=&#8221;rgba(0,0,0,0.54) 0%|#000000 100%&#8221; background_color_gradient_overlays_image=&#8221;on&#8221; background_image=&#8221;https:\/\/www.chillibarcelona.com\/wp-content\/uploads\/2025\/01\/bnbnbnnb.jpg&#8221; background_position=&#8221;top_center&#8221; background_vertical_offset=&#8221;100%&#8221; overflow-x=&#8221;hidden&#8221; overflow-y=&#8221;hidden&#8221; collapsed=&#8221;on&#8221; global_colors_info=&#8221;{%22gcid-f53bea2f-11b6-47b2-a970-343c85385294%22:%91%22background_color_gradient_stops%22,%22background_color%22%93}&#8221;][et_pb_row _builder_version=&#8221;4.18.0&#8243; _module_preset=&#8221;default&#8221; global_colors_info=&#8221;{}&#8221;][et_pb_column type=&#8221;4_4&#8243; _builder_version=&#8221;4.18.0&#8243; _module_preset=&#8221;default&#8221; global_colors_info=&#8221;{}&#8221;][et_pb_text _builder_version=&#8221;4.27.4&#8243; _module_preset=&#8221;96644ad0-f6bd-4449-a7d0-1de15f501729&#8243; header_font_size=&#8221;74px&#8221; global_colors_info=&#8221;{}&#8221;]<\/p>\n<h1>MEN\u00da<\/h1>\n<p>[\/et_pb_text][\/et_pb_column][\/et_pb_row][et_pb_row column_structure=&#8221;1_2,1_2&#8243; _builder_version=&#8221;4.27.4&#8243; _module_preset=&#8221;default&#8221; global_colors_info=&#8221;{}&#8221;][et_pb_column type=&#8221;1_2&#8243; _builder_version=&#8221;4.18.0&#8243; _module_preset=&#8221;default&#8221; global_colors_info=&#8221;{}&#8221;][et_pb_text _builder_version=&#8221;4.27.4&#8243; _module_preset=&#8221;518880c8-46c7-4ffa-b5a6-93ffa99dcc17&#8243; text_font=&#8221;&#8211;et_global_heading_font||||||||&#8221; text_text_color=&#8221;#e0b475&#8243; text_line_height=&#8221;1.65em&#8221; animation_style=&#8221;slide&#8221; animation_direction=&#8221;left&#8221; text_font_size_tablet=&#8221;16px&#8221; text_font_size_phone=&#8221;14px&#8221; text_font_size_last_edited=&#8221;on|desktop&#8221; global_colors_info=&#8221;{}&#8221;]<\/p>\n<p>Tenim el millor forn tandoori de la ciutat. A CHILLI, \u00e9s m\u00e9s que menjar, \u00e9s una experi\u00e8ncia.<br \/> Receptes transmeses de generaci\u00f3 en generaci\u00f3.<\/p>\n<p>[\/et_pb_text][et_pb_text _builder_version=&#8221;4.27.4&#8243; _module_preset=&#8221;ac99ef72-eccc-44c0-b425-299d3334925d&#8221; text_text_color=&#8221;#e0b475&#8243; header_text_align=&#8221;center&#8221; header_text_color=&#8221;#e0b475&#8243; header_letter_spacing=&#8221;2px&#8221; header_line_height=&#8221;1.2em&#8221; header_2_font=&#8221;Italiana||||||||&#8221; header_2_text_color=&#8221;#E7E2BC&#8221; header_2_font_size=&#8221;70px&#8221; header_2_line_height=&#8221;1.2em&#8221; animation_style=&#8221;slide&#8221; header_2_font_size_tablet=&#8221;32px&#8221; header_2_font_size_phone=&#8221;24px&#8221; header_2_font_size_last_edited=&#8221;on|tablet&#8221; global_colors_info=&#8221;{}&#8221;]<\/p>\n<h1>Al teu servei<br \/> durant una d\u00e8cada!<\/h1>\n<p>[\/et_pb_text][\/et_pb_column][et_pb_column type=&#8221;1_2&#8243; _builder_version=&#8221;4.27.4&#8243; _module_preset=&#8221;default&#8221; global_colors_info=&#8221;{}&#8221;][et_pb_image src=&#8221;https:\/\/www.chillibarcelona.com\/wp-content\/uploads\/2025\/01\/sss.jpg&#8221; alt=&#8221;Men\u00fa&#8221; title_text=&#8221;Men\u00fa&#8221; _builder_version=&#8221;4.27.4&#8243; _module_preset=&#8221;default&#8221; use_background_color_gradient=&#8221;on&#8221; background_color_gradient_repeat=&#8221;on&#8221; background_color_gradient_overlays_image=&#8221;on&#8221; animation_style=&#8221;slide&#8221; animation_direction=&#8221;right&#8221; animation_duration=&#8221;1150ms&#8221; global_colors_info=&#8221;{}&#8221;][\/et_pb_image][\/et_pb_column][\/et_pb_row][\/et_pb_section][et_pb_section fb_built=&#8221;1&#8243; _builder_version=&#8221;4.27.4&#8243; _module_preset=&#8221;default&#8221; background_color=&#8221;#000000&#8243; global_colors_info=&#8221;{}&#8221;][et_pb_row use_custom_gutter=&#8221;on&#8221; gutter_width=&#8221;2&#8243; make_equal=&#8221;on&#8221; _builder_version=&#8221;4.27.4&#8243; _module_preset=&#8221;default&#8221; global_colors_info=&#8221;{}&#8221;][et_pb_column type=&#8221;4_4&#8243; _builder_version=&#8221;4.27.4&#8243; _module_preset=&#8221;default&#8221; global_colors_info=&#8221;{}&#8221;][et_pb_button button_url=&#8221;https:\/\/www.chillibarcelona.com\/wp-content\/uploads\/2025\/01\/Indio-Restaurante-Chilli-Barcelona-1.pdf&#8221; button_text=&#8221;Men\u00fa a la carta&#8221; button_alignment=&#8221;center&#8221; _builder_version=&#8221;4.27.6&#8243; _module_preset=&#8221;default&#8221; custom_button=&#8221;on&#8221; button_text_size=&#8221;20px&#8221; button_text_color=&#8221;#000000&#8243; button_border_width=&#8221;29px&#8221; button_border_color=&#8221;#000000&#8243; button_border_radius=&#8221;66px&#8221; button_letter_spacing=&#8221;1px&#8221; button_font=&#8221;flat|&#8211;et_global_heading_font_weight|||||||&#8221; button_use_icon=&#8221;on&#8221; global_colors_info=&#8221;{}&#8221;][\/et_pb_button][et_pb_gallery gallery_ids=&#8221;696,699,702,705,708,711,714,717,720,723,726,729,732,735,738,741,744,747,750,753,756,759,762,765,768&#8243; show_title_and_caption=&#8221;off&#8221; zoom_icon_color=&#8221;#E09900&#8243; hover_overlay_color=&#8221;rgba(0,0,0,0.37)&#8221; _builder_version=&#8221;4.27.4&#8243; _module_preset=&#8221;default&#8221; global_colors_info=&#8221;{}&#8221;][\/et_pb_gallery][et_pb_button button_url=&#8221;https:\/\/www.chillibarcelona.com\/wp-content\/uploads\/2026\/04\/MENU-DIA-1.pdf&#8221; url_new_window=&#8221;on&#8221; button_text=&#8221;Men\u00fa del dia&#8221; button_alignment=&#8221;center&#8221; _builder_version=&#8221;4.27.6&#8243; _module_preset=&#8221;default&#8221; custom_button=&#8221;on&#8221; button_text_size=&#8221;20px&#8221; button_text_color=&#8221;#000000&#8243; button_border_width=&#8221;29px&#8221; button_border_color=&#8221;#000000&#8243; button_border_radius=&#8221;66px&#8221; button_letter_spacing=&#8221;1px&#8221; button_font=&#8221;flat|&#8211;et_global_heading_font_weight|||||||&#8221; button_use_icon=&#8221;on&#8221; global_colors_info=&#8221;{}&#8221;][\/et_pb_button][\/et_pb_column][\/et_pb_row][et_pb_row _builder_version=&#8221;4.27.6&#8243; _module_preset=&#8221;default&#8221; global_colors_info=&#8221;{}&#8221;][et_pb_column type=&#8221;4_4&#8243; _builder_version=&#8221;4.27.6&#8243; _module_preset=&#8221;default&#8221; global_colors_info=&#8221;{}&#8221;][et_pb_text _builder_version=&#8221;4.27.6&#8243; _module_preset=&#8221;default&#8221; custom_margin=&#8221;-41px||||false|false&#8221; custom_padding=&#8221;||||false|false&#8221; global_colors_info=&#8221;{}&#8221;]<\/p>\n<p style=\"text-align: center;\"><strong>Disponible de 13:00 a 16:00<\/strong><\/p>\n<p>[\/et_pb_text][\/et_pb_column][\/et_pb_row][\/et_pb_section][et_pb_section fb_built=&#8221;1&#8243; admin_label=&#8221;Footer&#8221; _builder_version=&#8221;4.27.4&#8243; _module_preset=&#8221;default&#8221; background_color=&#8221;gcid-f53bea2f-11b6-47b2-a970-343c85385294&#8243; use_background_color_gradient=&#8221;on&#8221; background_color_gradient_stops=&#8221;rgba(0,0,0,0.81) 0%|rgba(0,0,0,0.5) 100%&#8221; background_color_gradient_overlays_image=&#8221;on&#8221; background_image=&#8221;https:\/\/www.chillibarcelona.com\/wp-content\/uploads\/2025\/01\/jkjljl.jpg&#8221; custom_padding=&#8221;10vw||10vw||true|false&#8221; global_module=&#8221;348&#8243; saved_tabs=&#8221;all&#8221; collapsed=&#8221;off&#8221; global_colors_info=&#8221;{%22gcid-f53bea2f-11b6-47b2-a970-343c85385294%22:%91%22background_color_gradient_stops%22,%22background_color%22%93}&#8221;][et_pb_row _builder_version=&#8221;4.18.0&#8243; _module_preset=&#8221;default&#8221; max_width=&#8221;630px&#8221; custom_margin=&#8221;||10vw||false|false&#8221; global_colors_info=&#8221;{}&#8221;][et_pb_column type=&#8221;4_4&#8243; _builder_version=&#8221;4.18.0&#8243; _module_preset=&#8221;default&#8221; global_colors_info=&#8221;{}&#8221;][et_pb_text _builder_version=&#8221;4.27.4&#8243; _module_preset=&#8221;b327cbe4-b1d5-4b66-ad37-40c8f2f061ba&#8221; header_text_color=&#8221;#E7E2BC&#8221; global_colors_info=&#8221;{}&#8221;]<\/p>\n<h2>Uneix-te al nostre butllet\u00ed per rebre actualitzacions<\/h2>\n<p>[\/et_pb_text][et_pb_signup mailchimp_list=&#8221;elegantthemestest|1ea2bbd026&#8243; layout=&#8221;top_bottom&#8221; first_name_field=&#8221;off&#8221; last_name_field=&#8221;off&#8221; _builder_version=&#8221;4.27.4&#8243; _module_preset=&#8221;f5dd8511-592b-43f8-b02a-fca5b467e34a&#8221; form_field_background_color=&#8221;RGBA(255,255,255,0)&#8221; form_field_text_color=&#8221;#e7e2bc&#8221; form_field_custom_padding=&#8221;17px|30px|17px|30px|true|true&#8221; form_field_font=&#8221;flat bold|300|on||||||&#8221; form_field_text_align=&#8221;center&#8221; form_field_font_size=&#8221;18px&#8221; background_enable_color=&#8221;off&#8221; use_background_color=&#8221;off&#8221; custom_button=&#8221;on&#8221; button_text_size=&#8221;18px&#8221; button_text_color=&#8221;#000000&#8243; button_bg_color=&#8221;#e2bc69&#8243; button_border_width=&#8221;0px&#8221; button_border_radius=&#8221;0px&#8221; button_font=&#8221;flat bold|700|on||||||&#8221; button_custom_padding=&#8221;12px|30px|12px|30px|true|true&#8221; form_field_font_size_tablet=&#8221;16px&#8221; form_field_font_size_phone=&#8221;14px&#8221; form_field_font_size_last_edited=&#8221;on|desktop&#8221; border_radii_fields=&#8221;on|0px|0px|0px|0px&#8221; border_width_all_fields=&#8221;3px&#8221; border_color_all_fields=&#8221;#A45137&#8243; border_width_bottom_fields=&#8221;2px&#8221; locked=&#8221;off&#8221; global_colors_info=&#8221;{}&#8221;][\/et_pb_signup][\/et_pb_column][\/et_pb_row][et_pb_row column_structure=&#8221;1_2,1_4,1_4&#8243; _builder_version=&#8221;4.18.0&#8243; _module_preset=&#8221;default&#8221; global_colors_info=&#8221;{}&#8221;][et_pb_column type=&#8221;1_2&#8243; _builder_version=&#8221;4.18.0&#8243; _module_preset=&#8221;default&#8221; global_colors_info=&#8221;{}&#8221;][et_pb_text _builder_version=&#8221;4.27.4&#8243; _module_preset=&#8221;aaa7c440-590a-4078-ae0c-0f3c699ac51c&#8221; header_text_align=&#8221;left&#8221; header_letter_spacing=&#8221;2px&#8221; global_colors_info=&#8221;{%22gcid-82d6c09a-d813-40a8-95b4-5069eeb5bf47%22:%91%22header_3_text_color%22%93}&#8221;]<\/p>\n<p style=\"text-align: left;\"><a href=\"https:\/\/maps.app.goo.gl\/kJenDsUgcaF8725AA\" target=\"_blank\" rel=\"noopener\">Carrer de Pau Claris, 77<\/a><br \/> <a href=\"https:\/\/maps.app.goo.gl\/kJenDsUgcaF8725AA\" target=\"_blank\" rel=\"noopener\">L&#8217;Eixample, 08010 Barcelona<\/a><\/p>\n<p>[\/et_pb_text][et_pb_blurb title=&#8221;Truca&#8217;ns&#8221; content_max_width=&#8221;100%&#8221; _builder_version=&#8221;4.27.4&#8243; _module_preset=&#8221;7c394586-d55e-4f8e-967a-7e42ab3d85af&#8221; header_font=&#8221;flat bold|&#8211;et_global_heading_font_weight||on|||||&#8221; header_text_align=&#8221;left&#8221; header_text_color=&#8221;#000000&#8243; header_font_size=&#8221;31px&#8221; header_letter_spacing=&#8221;2px&#8221; body_font=&#8221;flat bold||||||||&#8221; body_text_color=&#8221;#a45137&#8243; body_font_size=&#8221;21px&#8221; body_line_height=&#8221;1em&#8221; body_link_text_color=&#8221;#000000&#8243; background_color=&#8221;#e2bc69&#8243; background_enable_pattern_style=&#8221;on&#8221; background_pattern_style=&#8221;scallops&#8221; background_pattern_color=&#8221;rgba(0,0,0,0.05)&#8221; background_pattern_size=&#8221;custom&#8221; background_pattern_width=&#8221;30px&#8221; custom_margin=&#8221;|||-10vw|false|false&#8221; custom_padding=&#8221;30px|30px|30px|10vw|true|false&#8221; custom_padding_tablet=&#8221;&#8221; custom_padding_phone=&#8221;20px|20px|20px||true|false&#8221; custom_padding_last_edited=&#8221;on|phone&#8221; animation=&#8221;off&#8221; header_font_size_tablet=&#8221;16px&#8221; header_font_size_phone=&#8221;14px&#8221; header_font_size_last_edited=&#8221;on|desktop&#8221; body_font_last_edited=&#8221;off|desktop&#8221; body_font_size_tablet=&#8221;20px&#8221; body_font_size_phone=&#8221;16px&#8221; body_font_size_last_edited=&#8221;off|phone&#8221; locked=&#8221;off&#8221; global_colors_info=&#8221;{}&#8221;]<\/p>\n<p><span style=\"color: #000000;\">+34 600 08 55 40<\/span><\/p>\n<p>[\/et_pb_blurb][et_pb_code _builder_version=&#8221;4.27.4&#8243; _module_preset=&#8221;default&#8221; custom_margin=&#8221;|||-10vw|false|false&#8221; global_colors_info=&#8221;{}&#8221;]<\/p>\n<div id=\"TA_cdsscrollingravewide54\" class=\"TA_cdsscrollingravewide\">\n<ul id=\"75i7AuHhrkl\" class=\"TA_links 5WVkKW\">\n<li id=\"ZGGbgG\" class=\"HAsim2ooM\"><a target=\"_blank\" href=\"https:\/\/www.tripadvisor.co.uk\/Restaurant_Review-g187497-d25089644-Reviews-Indian_Restaurant_Chilli-Barcelona_Catalonia.html\" rel=\"noopener\"><img decoding=\"async\" src=\"https:\/\/static.tacdn.com\/img2\/brand_refresh\/Tripadvisor_lockup_vertical.svg\" alt=\"TripAdvisor\" class=\"widEXCIMG\" id=\"CDSWIDEXCLOGO\"><\/a><\/li>\n<\/ul>\n<\/div>\n<p><script async=\"\" src=\"https:\/\/www.jscache.com\/wejs?wtype=cdsscrollingravewide&#038;uniq=54&#038;locationId=25089644&#038;lang=en_UK&#038;border=false&#038;backgroundColor=gray&#038;display_version=2\" data-loadtrk=\"\" onload=\"this.loadtrk=true\"><\/script>[\/et_pb_code][\/et_pb_column][et_pb_column type=&#8221;1_4&#8243; _builder_version=&#8221;4.18.0&#8243; _module_preset=&#8221;default&#8221; global_colors_info=&#8221;{}&#8221;][et_pb_text _builder_version=&#8221;4.27.4&#8243; _module_preset=&#8221;4827deed-2a92-4d97-a22f-f01067ae6873&#8243; header_text_color=&#8221;#E7E2BC&#8221; global_colors_info=&#8221;{%22gcid-82d6c09a-d813-40a8-95b4-5069eeb5bf47%22:%91%22header_4_text_color%22%93}&#8221;]<a href=\"https:\/\/www.chillibarcelona.com\/ca\/menu\/\">Men\u00fa<\/a>[\/et_pb_text][et_pb_text _builder_version=&#8221;4.27.4&#8243; _module_preset=&#8221;4827deed-2a92-4d97-a22f-f01067ae6873&#8243; header_text_color=&#8221;#E7E2BC&#8221; global_colors_info=&#8221;{}&#8221;]<\/p>\n<p><a href=\"https:\/\/www.chillibarcelona.com\/ca\/reserves\/\">Reserva ara<\/a><\/p>\n<p>[\/et_pb_text][et_pb_text _builder_version=&#8221;4.27.4&#8243; _module_preset=&#8221;4827deed-2a92-4d97-a22f-f01067ae6873&#8243; header_text_color=&#8221;#E7E2BC&#8221; global_colors_info=&#8221;{}&#8221;]<\/p>\n<p><a href=\"https:\/\/www.chillibarcelona.com\/ca\/mira-dins\/\">Mira dins<\/a><\/p>\n<p>[\/et_pb_text][\/et_pb_column][et_pb_column type=&#8221;1_4&#8243; _builder_version=&#8221;4.18.0&#8243; _module_preset=&#8221;default&#8221; global_colors_info=&#8221;{}&#8221;][et_pb_text _builder_version=&#8221;4.27.4&#8243; _module_preset=&#8221;4827deed-2a92-4d97-a22f-f01067ae6873&#8243; header_text_color=&#8221;#E7E2BC&#8221; locked=&#8221;off&#8221; global_colors_info=&#8221;{}&#8221;]<a href=\"https:\/\/www.chillibarcelona.com\/ca\/galeria\/\">Galeria<\/a>[\/et_pb_text][et_pb_text _builder_version=&#8221;4.27.4&#8243; _module_preset=&#8221;4827deed-2a92-4d97-a22f-f01067ae6873&#8243; header_text_color=&#8221;#E7E2BC&#8221; locked=&#8221;off&#8221; global_colors_info=&#8221;{}&#8221;]<\/p>\n<p><a href=\"https:\/\/www.chillibarcelona.com\/cookie-policy-eu\/?cmplz_region_redirect=true\">Pol\u00edtica de cookies<\/a><\/p>\n<p>[\/et_pb_text][et_pb_text _builder_version=&#8221;4.27.4&#8243; _module_preset=&#8221;4827deed-2a92-4d97-a22f-f01067ae6873&#8243; header_text_color=&#8221;#E7E2BC&#8221; locked=&#8221;off&#8221; global_colors_info=&#8221;{}&#8221;]<\/p>\n<p><a href=\"https:\/\/www.chillibarcelona.com\/privacy-statement-eu\/?cmplz_region_redirect=true\">Pol\u00edtica de privadesa<\/a><\/p>\n<p>[\/et_pb_text][\/et_pb_column][\/et_pb_row][\/et_pb_section]<\/p>\n","protected":false},"excerpt":{"rendered":"<p>MEN\u00daTenim el millor forn tandoori de la ciutat. A CHILLI, \u00e9s m\u00e9s que menjar, \u00e9s una experi\u00e8ncia. Receptes transmeses de generaci\u00f3 en generaci\u00f3.Al teu servei durant una d\u00e8cada!Disponible de 13:00 a 16:00Uneix-te al nostre butllet\u00ed per rebre actualitzacionsCarrer de Pau Claris, 77 L&#8217;Eixample, 08010 Barcelona+34 600 08 55 40Men\u00faReserva araMira dinsGaleriaPol\u00edtica de cookiesPol\u00edtica de privadesa<\/p>\n","protected":false},"author":1,"featured_media":0,"parent":0,"menu_order":0,"comment_status":"closed","ping_status":"closed","template":"","meta":{"_et_pb_use_builder":"on","_et_pb_old_content":"","_et_gb_content_width":"","footnotes":""},"class_list":["post-828","page","type-page","status-publish","hentry"],"_links":{"self":[{"href":"https:\/\/www.chillibarcelona.com\/ca\/wp-json\/wp\/v2\/pages\/828","targetHints":{"allow":["GET"]}}],"collection":[{"href":"https:\/\/www.chillibarcelona.com\/ca\/wp-json\/wp\/v2\/pages"}],"about":[{"href":"https:\/\/www.chillibarcelona.com\/ca\/wp-json\/wp\/v2\/types\/page"}],"author":[{"embeddable":true,"href":"https:\/\/www.chillibarcelona.com\/ca\/wp-json\/wp\/v2\/users\/1"}],"replies":[{"embeddable":true,"href":"https:\/\/www.chillibarcelona.com\/ca\/wp-json\/wp\/v2\/comments?post=828"}],"version-history":[{"count":10,"href":"https:\/\/www.chillibarcelona.com\/ca\/wp-json\/wp\/v2\/pages\/828\/revisions"}],"predecessor-version":[{"id":1954,"href":"https:\/\/www.chillibarcelona.com\/ca\/wp-json\/wp\/v2\/pages\/828\/revisions\/1954"}],"wp:attachment":[{"href":"https:\/\/www.chillibarcelona.com\/ca\/wp-json\/wp\/v2\/media?parent=828"}],"curies":[{"name":"wp","href":"https:\/\/api.w.org\/{rel}","templated":true}]}}