{"id":819,"date":"2025-01-25T07:01:07","date_gmt":"2025-01-25T06:01:07","guid":{"rendered":"https:\/\/www.chillibarcelona.com\/galeria\/"},"modified":"2025-03-08T18:09:49","modified_gmt":"2025-03-08T17:09:49","slug":"galeria","status":"publish","type":"page","link":"https:\/\/www.chillibarcelona.com\/ca\/galeria\/","title":{"rendered":"Galeria"},"content":{"rendered":"<p>[et_pb_section fb_built=&#8221;1&#8243; disabled_on=&#8221;on|off|off&#8221; admin_label=&#8221;Header&#8221; _builder_version=&#8221;4.27.4&#8243; _module_preset=&#8221;default&#8221; background_color=&#8221;gcid-f53bea2f-11b6-47b2-a970-343c85385294&#8243; use_background_color_gradient=&#8221;on&#8221; background_color_gradient_stops=&#8221;rgba(0,0,0,0.22) 0%|rgba(0,0,0,0.61) 100%&#8221; background_color_gradient_overlays_image=&#8221;on&#8221; background_image=&#8221;https:\/\/www.chillibarcelona.com\/wp-content\/uploads\/2025\/01\/bnbnbnnb.jpg&#8221; background_size=&#8221;initial&#8221; background_position=&#8221;bottom_center&#8221; background_vertical_offset=&#8221;35%&#8221; module_alignment=&#8221;center&#8221; height=&#8221;340px&#8221; overflow-x=&#8221;hidden&#8221; overflow-y=&#8221;hidden&#8221; collapsed=&#8221;off&#8221; global_colors_info=&#8221;{%22gcid-f53bea2f-11b6-47b2-a970-343c85385294%22:%91%22background_color_gradient_stops%22,%22background_color%22%93}&#8221;][et_pb_row _builder_version=&#8221;4.18.0&#8243; _module_preset=&#8221;default&#8221; global_colors_info=&#8221;{}&#8221;][et_pb_column type=&#8221;4_4&#8243; _builder_version=&#8221;4.18.0&#8243; _module_preset=&#8221;default&#8221; global_colors_info=&#8221;{}&#8221;][et_pb_text _builder_version=&#8221;4.27.4&#8243; _module_preset=&#8221;96644ad0-f6bd-4449-a7d0-1de15f501729&#8243; hover_enabled=&#8221;0&#8243; global_colors_info=&#8221;{}&#8221; sticky_enabled=&#8221;0&#8243;]<\/p>\n<h1>GALERIA<\/h1>\n<p>[\/et_pb_text][\/et_pb_column][\/et_pb_row][\/et_pb_section][et_pb_section fb_built=&#8221;1&#8243; _builder_version=&#8221;4.27.4&#8243; _module_preset=&#8221;default&#8221; background_color=&#8221;#000000&#8243; global_colors_info=&#8221;{}&#8221;][et_pb_row use_custom_gutter=&#8221;on&#8221; gutter_width=&#8221;2&#8243; make_equal=&#8221;on&#8221; _builder_version=&#8221;4.27.4&#8243; _module_preset=&#8221;default&#8221; global_colors_info=&#8221;{}&#8221;][et_pb_column type=&#8221;4_4&#8243; _builder_version=&#8221;4.27.4&#8243; _module_preset=&#8221;default&#8221; global_colors_info=&#8221;{}&#8221;][et_pb_text _builder_version=&#8221;4.27.4&#8243; _module_preset=&#8221;default&#8221; global_colors_info=&#8221;{}&#8221;]<\/p>\n<h2 style=\"text-align: center;\">Interior<\/h2>\n<p>[\/et_pb_text][dmg_masonry_gallery gallery_mode=&#8221;minimized&#8221; gallery_minimized_limit=&#8221;26&#8243; gallery=&#8221;1162,1152,1127,1132,1137,1142,1147,1157&#8243; columns=&#8221;2&#8243; hover_overlay_color=&#8221;rgba(224,153,0,0.31)&#8221; _builder_version=&#8221;4.27.4&#8243; _module_preset=&#8221;default&#8221; global_colors_info=&#8221;{}&#8221;][\/dmg_masonry_gallery][et_pb_text _builder_version=&#8221;4.27.4&#8243; _module_preset=&#8221;default&#8221; global_colors_info=&#8221;{}&#8221;]<\/p>\n<h2 style=\"text-align: center;\">Cuina<\/h2>\n<p>[\/et_pb_text][dmg_masonry_gallery gallery_mode=&#8221;minimized&#8221; gallery_minimized_limit=&#8221;26&#8243; gallery=&#8221;1184,458,453,1169,1179,452,1189,451,456,449,450,454,1174,455&#8243; gutter=&#8221;17&#8243; hover_overlay_color=&#8221;rgba(224,153,0,0.31)&#8221; _builder_version=&#8221;4.27.4&#8243; _module_preset=&#8221;default&#8221; global_colors_info=&#8221;{}&#8221;][\/dmg_masonry_gallery][\/et_pb_column][\/et_pb_row][\/et_pb_section][et_pb_section fb_built=&#8221;1&#8243; admin_label=&#8221;Footer&#8221; _builder_version=&#8221;4.27.4&#8243; _module_preset=&#8221;default&#8221; background_color=&#8221;gcid-f53bea2f-11b6-47b2-a970-343c85385294&#8243; use_background_color_gradient=&#8221;on&#8221; background_color_gradient_stops=&#8221;rgba(0,0,0,0.81) 0%|rgba(0,0,0,0.5) 100%&#8221; background_color_gradient_overlays_image=&#8221;on&#8221; background_image=&#8221;https:\/\/www.chillibarcelona.com\/wp-content\/uploads\/2025\/01\/jkjljl.jpg&#8221; custom_padding=&#8221;10vw||10vw||true|false&#8221; global_module=&#8221;348&#8243; saved_tabs=&#8221;all&#8221; collapsed=&#8221;off&#8221; global_colors_info=&#8221;{%22gcid-f53bea2f-11b6-47b2-a970-343c85385294%22:%91%22background_color_gradient_stops%22,%22background_color%22%93}&#8221;][et_pb_row _builder_version=&#8221;4.18.0&#8243; _module_preset=&#8221;default&#8221; max_width=&#8221;630px&#8221; custom_margin=&#8221;||10vw||false|false&#8221; global_colors_info=&#8221;{}&#8221;][et_pb_column type=&#8221;4_4&#8243; _builder_version=&#8221;4.18.0&#8243; _module_preset=&#8221;default&#8221; global_colors_info=&#8221;{}&#8221;][et_pb_text _builder_version=&#8221;4.27.4&#8243; _module_preset=&#8221;b327cbe4-b1d5-4b66-ad37-40c8f2f061ba&#8221; header_text_color=&#8221;#E7E2BC&#8221; global_colors_info=&#8221;{}&#8221;]<\/p>\n<h2>Uneix-te al nostre butllet\u00ed per rebre actualitzacions<\/h2>\n<p>[\/et_pb_text][et_pb_signup mailchimp_list=&#8221;elegantthemestest|1ea2bbd026&#8243; layout=&#8221;top_bottom&#8221; first_name_field=&#8221;off&#8221; last_name_field=&#8221;off&#8221; _builder_version=&#8221;4.27.4&#8243; _module_preset=&#8221;f5dd8511-592b-43f8-b02a-fca5b467e34a&#8221; form_field_background_color=&#8221;RGBA(255,255,255,0)&#8221; form_field_text_color=&#8221;#e7e2bc&#8221; form_field_custom_padding=&#8221;17px|30px|17px|30px|true|true&#8221; form_field_font=&#8221;flat bold|300|on||||||&#8221; form_field_text_align=&#8221;center&#8221; form_field_font_size=&#8221;18px&#8221; background_enable_color=&#8221;off&#8221; use_background_color=&#8221;off&#8221; custom_button=&#8221;on&#8221; button_text_size=&#8221;18px&#8221; button_text_color=&#8221;#000000&#8243; button_bg_color=&#8221;#e2bc69&#8243; button_border_width=&#8221;0px&#8221; button_border_radius=&#8221;0px&#8221; button_font=&#8221;flat bold|700|on||||||&#8221; button_custom_padding=&#8221;12px|30px|12px|30px|true|true&#8221; form_field_font_size_tablet=&#8221;16px&#8221; form_field_font_size_phone=&#8221;14px&#8221; form_field_font_size_last_edited=&#8221;on|desktop&#8221; border_radii_fields=&#8221;on|0px|0px|0px|0px&#8221; border_width_all_fields=&#8221;3px&#8221; border_color_all_fields=&#8221;#A45137&#8243; border_width_bottom_fields=&#8221;2px&#8221; locked=&#8221;off&#8221; global_colors_info=&#8221;{}&#8221;][\/et_pb_signup][\/et_pb_column][\/et_pb_row][et_pb_row column_structure=&#8221;1_2,1_4,1_4&#8243; _builder_version=&#8221;4.18.0&#8243; _module_preset=&#8221;default&#8221; global_colors_info=&#8221;{}&#8221;][et_pb_column type=&#8221;1_2&#8243; _builder_version=&#8221;4.18.0&#8243; _module_preset=&#8221;default&#8221; global_colors_info=&#8221;{}&#8221;][et_pb_text _builder_version=&#8221;4.27.4&#8243; _module_preset=&#8221;aaa7c440-590a-4078-ae0c-0f3c699ac51c&#8221; header_text_align=&#8221;left&#8221; header_letter_spacing=&#8221;2px&#8221; global_colors_info=&#8221;{%22gcid-82d6c09a-d813-40a8-95b4-5069eeb5bf47%22:%91%22header_3_text_color%22%93}&#8221;]<\/p>\n<h1>CHILLI Barcelona<\/h1>\n<p>[\/et_pb_text][et_pb_blurb title=&#8221;Truca&#039;ns&#8221; content_max_width=&#8221;100%&#8221; _builder_version=&#8221;4.27.4&#8243; _module_preset=&#8221;7c394586-d55e-4f8e-967a-7e42ab3d85af&#8221; header_font=&#8221;flat bold|&#8211;et_global_heading_font_weight||on|||||&#8221; header_text_align=&#8221;left&#8221; header_text_color=&#8221;#000000&#8243; header_font_size=&#8221;31px&#8221; header_letter_spacing=&#8221;2px&#8221; body_font=&#8221;flat bold||||||||&#8221; body_text_color=&#8221;#a45137&#8243; body_font_size=&#8221;21px&#8221; body_line_height=&#8221;1em&#8221; body_link_text_color=&#8221;#000000&#8243; background_color=&#8221;#e2bc69&#8243; background_enable_pattern_style=&#8221;on&#8221; background_pattern_style=&#8221;scallops&#8221; background_pattern_color=&#8221;rgba(0,0,0,0.05)&#8221; background_pattern_size=&#8221;custom&#8221; background_pattern_width=&#8221;30px&#8221; custom_margin=&#8221;|||-10vw|false|false&#8221; custom_padding=&#8221;30px|30px|30px|10vw|true|false&#8221; custom_padding_tablet=&#8221;&#8221; custom_padding_phone=&#8221;20px|20px|20px||true|false&#8221; custom_padding_last_edited=&#8221;on|phone&#8221; animation=&#8221;off&#8221; header_font_size_tablet=&#8221;16px&#8221; header_font_size_phone=&#8221;14px&#8221; header_font_size_last_edited=&#8221;on|desktop&#8221; body_font_last_edited=&#8221;off|desktop&#8221; body_font_size_tablet=&#8221;20px&#8221; body_font_size_phone=&#8221;16px&#8221; body_font_size_last_edited=&#8221;off|phone&#8221; locked=&#8221;off&#8221; global_colors_info=&#8221;{}&#8221;]<\/p>\n<p><span style=\"color: #000000;\">+34 600 08 55 40<\/span><\/p>\n<p>[\/et_pb_blurb][et_pb_code _builder_version=&#8221;4.27.4&#8243; _module_preset=&#8221;default&#8221; custom_margin=&#8221;|||-10vw|false|false&#8221; global_colors_info=&#8221;{}&#8221;]<\/p>\n<div id=\"TA_cdsscrollingravewide54\" class=\"TA_cdsscrollingravewide\">\n<ul id=\"75i7AuHhrkl\" class=\"TA_links 5WVkKW\">\n<li id=\"ZGGbgG\" class=\"HAsim2ooM\"><a target=\"_blank\" href=\"https:\/\/www.tripadvisor.co.uk\/Restaurant_Review-g187497-d25089644-Reviews-Indian_Restaurant_Chilli-Barcelona_Catalonia.html\" rel=\"noopener\"><img decoding=\"async\" src=\"https:\/\/static.tacdn.com\/img2\/brand_refresh\/Tripadvisor_lockup_vertical.svg\" alt=\"TripAdvisor\" class=\"widEXCIMG\" id=\"CDSWIDEXCLOGO\"><\/a><\/li>\n<\/ul>\n<\/div>\n<p><script async=\"\" src=\"https:\/\/www.jscache.com\/wejs?wtype=cdsscrollingravewide&amp;uniq=54&amp;locationId=25089644&amp;lang=en_UK&amp;border=false&amp;backgroundColor=gray&amp;display_version=2\" data-loadtrk=\"\" onload=\"this.loadtrk=true\"><\/script>[\/et_pb_code][\/et_pb_column][et_pb_column type=&#8221;1_4&#8243; _builder_version=&#8221;4.18.0&#8243; _module_preset=&#8221;default&#8221; global_colors_info=&#8221;{}&#8221;][et_pb_text _builder_version=&#8221;4.27.4&#8243; _module_preset=&#8221;4827deed-2a92-4d97-a22f-f01067ae6873&#8243; header_text_color=&#8221;#E7E2BC&#8221; global_colors_info=&#8221;{%22gcid-82d6c09a-d813-40a8-95b4-5069eeb5bf47%22:%91%22header_4_text_color%22%93}&#8221;]<a href=\"https:\/\/www.chillibarcelona.com\/ca\/menu\/\">Men\u00fa<\/a>[\/et_pb_text][et_pb_text _builder_version=&#8221;4.27.4&#8243; _module_preset=&#8221;4827deed-2a92-4d97-a22f-f01067ae6873&#8243; header_text_color=&#8221;#E7E2BC&#8221; global_colors_info=&#8221;{}&#8221;]<\/p>\n<p><a href=\"https:\/\/www.chillibarcelona.com\/ca\/reserves\/\">Reserva ara<\/a><\/p>\n<p>[\/et_pb_text][et_pb_text _builder_version=&#8221;4.27.4&#8243; _module_preset=&#8221;4827deed-2a92-4d97-a22f-f01067ae6873&#8243; header_text_color=&#8221;#E7E2BC&#8221; global_colors_info=&#8221;{}&#8221;]<\/p>\n<p><a href=\"#\">Sobre<\/a><\/p>\n<p>[\/et_pb_text][\/et_pb_column][et_pb_column type=&#8221;1_4&#8243; _builder_version=&#8221;4.18.0&#8243; _module_preset=&#8221;default&#8221; global_colors_info=&#8221;{}&#8221;][et_pb_text _builder_version=&#8221;4.27.4&#8243; _module_preset=&#8221;4827deed-2a92-4d97-a22f-f01067ae6873&#8243; header_text_color=&#8221;#E7E2BC&#8221; locked=&#8221;off&#8221; global_colors_info=&#8221;{}&#8221;]<a href=\"https:\/\/www.chillibarcelona.com\/ca\/galeria\/\">Galeria<\/a>[\/et_pb_text][et_pb_text _builder_version=&#8221;4.27.4&#8243; _module_preset=&#8221;4827deed-2a92-4d97-a22f-f01067ae6873&#8243; header_text_color=&#8221;#E7E2BC&#8221; locked=&#8221;off&#8221; global_colors_info=&#8221;{}&#8221;]<\/p>\n<p><a href=\"#\">Termes i condicions<\/a><\/p>\n<p>[\/et_pb_text][et_pb_text _builder_version=&#8221;4.27.4&#8243; _module_preset=&#8221;4827deed-2a92-4d97-a22f-f01067ae6873&#8243; header_text_color=&#8221;#E7E2BC&#8221; locked=&#8221;off&#8221; global_colors_info=&#8221;{}&#8221;]<\/p>\n<p><a href=\"#\">Pol\u00edtica de privadesa<\/a><\/p>\n<p>[\/et_pb_text][\/et_pb_column][\/et_pb_row][\/et_pb_section]<\/p>\n","protected":false},"excerpt":{"rendered":"<p>GALERIAInterior<div class=\"et_pb_module dmg_masonry_gallery dmg_masonry_gallery_0\">\n\t\t\t\t\n\t\t\t\t\n\t\t\t\t\n\t\t\t\t\n\t\t\t\t\n\t\t\t\t\n\t\t\t\t<div class=\"et_pb_module_inner\">\n\t\t\t\t\t\n\t\t\t<div class=\"dmg-gallery-wrapper\">\n\t\t\t\t\n\t\t\t\t<div class=\"dmg-gallery dmg-modal-gallery \">\n\t\t\t\t\t<div class=\"dmg-gallery-sizer\"><\/div>\n\t\t\t\t\t<div class=\"dmg-gutter-sizer\"><\/div>\n\t\t\t\t\t\n\t\t\t\t\t\t\t<a data-width=\"980\" data-height=\"735\" href=\"https:\/\/www.chillibarcelona.com\/wp-content\/uploads\/2025\/03\/Indian-Restaurant-Chilli-Barcelona.jpeg\"  data-categories=\"\" class=\"dmg_masonry_gallery_item \" >\n\t\t\t\t\t\t\t\t<img class=\"dmg-lazyload\" alt=\"Indian Restaurant Chilli Barcelona\" data-src=\"https:\/\/www.chillibarcelona.com\/wp-content\/uploads\/2025\/03\/Indian-Restaurant-Chilli-Barcelona-980x735.jpeg\" width=\"980\" height=\"735\" \/>\n\t\t\t\t\t\t\t\t<span class=\"et_overlay\"><\/span>\n\t\t\t\t\t\t\t<\/a>\n\t\t\t\t\t\t\t\n\t\t\t\t\t\t\t<a data-width=\"960\" data-height=\"1280\" href=\"https:\/\/www.chillibarcelona.com\/wp-content\/uploads\/2025\/03\/Indian-Restaurant-Chilli-Barcelona-2.jpeg\"  data-categories=\"\" class=\"dmg_masonry_gallery_item \" >\n\t\t\t\t\t\t\t\t<img class=\"dmg-lazyload\" alt=\"Indian Restaurant Chilli Barcelona\" data-src=\"https:\/\/www.chillibarcelona.com\/wp-content\/uploads\/2025\/03\/Indian-Restaurant-Chilli-Barcelona-2.jpeg\" width=\"960\" height=\"1280\" \/>\n\t\t\t\t\t\t\t\t<span class=\"et_overlay\"><\/span>\n\t\t\t\t\t\t\t<\/a>\n\t\t\t\t\t\t\t\n\t\t\t\t\t\t\t<a data-width=\"960\" data-height=\"1280\" href=\"https:\/\/www.chillibarcelona.com\/wp-content\/uploads\/2025\/03\/Indian-Restaurant-Chilli-Barcelona-7.jpeg\"  data-categories=\"\" class=\"dmg_masonry_gallery_item \" >\n\t\t\t\t\t\t\t\t<img class=\"dmg-lazyload\" alt=\"Indian Restaurant Chilli Barcelona\" data-src=\"https:\/\/www.chillibarcelona.com\/wp-content\/uploads\/2025\/03\/Indian-Restaurant-Chilli-Barcelona-7.jpeg\" width=\"960\" height=\"1280\" \/>\n\t\t\t\t\t\t\t\t<span class=\"et_overlay\"><\/span>\n\t\t\t\t\t\t\t<\/a>\n\t\t\t\t\t\t\t\n\t\t\t\t\t\t\t<a data-width=\"980\" data-height=\"735\" href=\"https:\/\/www.chillibarcelona.com\/wp-content\/uploads\/2025\/03\/Indian-Restaurant-Chilli-Barcelona-6.jpeg\"  data-categories=\"\" class=\"dmg_masonry_gallery_item \" >\n\t\t\t\t\t\t\t\t<img class=\"dmg-lazyload\" alt=\"Indian Restaurant Chilli Barcelona\" data-src=\"https:\/\/www.chillibarcelona.com\/wp-content\/uploads\/2025\/03\/Indian-Restaurant-Chilli-Barcelona-6-980x735.jpeg\" width=\"980\" height=\"735\" \/>\n\t\t\t\t\t\t\t\t<span class=\"et_overlay\"><\/span>\n\t\t\t\t\t\t\t<\/a>\n\t\t\t\t\t\t\t\n\t\t\t\t\t\t\t<a data-width=\"960\" data-height=\"1280\" href=\"https:\/\/www.chillibarcelona.com\/wp-content\/uploads\/2025\/03\/Indian-Restaurant-Chilli-Barcelona-5.jpeg\"  data-categories=\"\" class=\"dmg_masonry_gallery_item \" >\n\t\t\t\t\t\t\t\t<img class=\"dmg-lazyload\" alt=\"Indian Restaurant Chilli Barcelona\" data-src=\"https:\/\/www.chillibarcelona.com\/wp-content\/uploads\/2025\/03\/Indian-Restaurant-Chilli-Barcelona-5.jpeg\" width=\"960\" height=\"1280\" \/>\n\t\t\t\t\t\t\t\t<span class=\"et_overlay\"><\/span>\n\t\t\t\t\t\t\t<\/a>\n\t\t\t\t\t\t\t\n\t\t\t\t\t\t\t<a data-width=\"960\" data-height=\"1280\" href=\"https:\/\/www.chillibarcelona.com\/wp-content\/uploads\/2025\/03\/Indian-Restaurant-Chilli-Barcelona-4.jpeg\"  data-categories=\"\" class=\"dmg_masonry_gallery_item \" >\n\t\t\t\t\t\t\t\t<img class=\"dmg-lazyload\" alt=\"Indian Restaurant Chilli Barcelona\" data-src=\"https:\/\/www.chillibarcelona.com\/wp-content\/uploads\/2025\/03\/Indian-Restaurant-Chilli-Barcelona-4.jpeg\" width=\"960\" height=\"1280\" \/>\n\t\t\t\t\t\t\t\t<span class=\"et_overlay\"><\/span>\n\t\t\t\t\t\t\t<\/a>\n\t\t\t\t\t\t\t\n\t\t\t\t\t\t\t<a data-width=\"960\" data-height=\"1280\" href=\"https:\/\/www.chillibarcelona.com\/wp-content\/uploads\/2025\/03\/Indian-Restaurant-Chilli-Barcelona-3.jpeg\"  data-categories=\"\" class=\"dmg_masonry_gallery_item \" >\n\t\t\t\t\t\t\t\t<img class=\"dmg-lazyload\" alt=\"Indian Restaurant Chilli Barcelona\" data-src=\"https:\/\/www.chillibarcelona.com\/wp-content\/uploads\/2025\/03\/Indian-Restaurant-Chilli-Barcelona-3.jpeg\" width=\"960\" height=\"1280\" \/>\n\t\t\t\t\t\t\t\t<span class=\"et_overlay\"><\/span>\n\t\t\t\t\t\t\t<\/a>\n\t\t\t\t\t\t\t\n\t\t\t\t<a data-width=\"980\" data-height=\"735\" href=\"https:\/\/www.chillibarcelona.com\/wp-content\/uploads\/2025\/03\/Indian-Restaurant-Chilli-Barcelona-1.jpeg\"  class=\"dmg_masonry_gallery_item \">\n\t\t\t\t\t<img class=\"dmg-lazyload\" alt=\"Indian Restaurant Chilli Barcelona\" data-src=\"https:\/\/www.chillibarcelona.com\/wp-content\/uploads\/2025\/03\/Indian-Restaurant-Chilli-Barcelona-1-980x735.jpeg\" width=\"980\" height=\"735\" \/>\n\t\t\t\t\t<div class=\"dmg-minimized-layer\">\n\t\t\t\t\t\t<p class=\"gallery-minimized-text\">+-18<br\/><span><\/span><\/p>\n\t\t\t\t\t<\/div>\n\t\t\t\t<\/a>\n\t\t\t\t\n\t  \t\t\t<\/div>\n\t  \t\t\t\n  \t\t\t<\/div>\n  \t\t\t\n\t\t\t\t<\/div>\n\t\t\t<\/div>Cuina<div class=\"et_pb_module dmg_masonry_gallery dmg_masonry_gallery_1\">\n\t\t\t\t\n\t\t\t\t\n\t\t\t\t\n\t\t\t\t\n\t\t\t\t\n\t\t\t\t\n\t\t\t\t<div class=\"et_pb_module_inner\">\n\t\t\t\t\t\n\t\t\t<div class=\"dmg-gallery-wrapper\">\n\t\t\t\t\n\t\t\t\t<div class=\"dmg-gallery dmg-modal-gallery \">\n\t\t\t\t\t<div class=\"dmg-gallery-sizer\"><\/div>\n\t\t\t\t\t<div class=\"dmg-gutter-sizer\"><\/div>\n\t\t\t\t\t\n\t\t\t\t\t\t\t<a data-width=\"980\" data-height=\"1225\" href=\"https:\/\/www.chillibarcelona.com\/wp-content\/uploads\/2025\/03\/327760118_948483223196770_4118227641135717986_n.jpeg\"  data-categories=\"\" class=\"dmg_masonry_gallery_item \" >\n\t\t\t\t\t\t\t\t<img class=\"dmg-lazyload\" alt=\"Indian Restaurant Barcelona\" data-src=\"https:\/\/www.chillibarcelona.com\/wp-content\/uploads\/2025\/03\/327760118_948483223196770_4118227641135717986_n-980x1225.jpeg\" width=\"980\" height=\"1225\" \/>\n\t\t\t\t\t\t\t\t<span class=\"et_overlay\"><\/span>\n\t\t\t\t\t\t\t<\/a>\n\t\t\t\t\t\t\t\n\t\t\t\t\t\t\t<a data-width=\"980\" data-height=\"1021\" href=\"https:\/\/www.chillibarcelona.com\/wp-content\/uploads\/2025\/01\/Indian-Restaurant-Barcelona-11.jpeg\"  data-categories=\"\" class=\"dmg_masonry_gallery_item \" >\n\t\t\t\t\t\t\t\t<img class=\"dmg-lazyload\" alt=\"Indian Restaurant Barcelona\" data-src=\"https:\/\/www.chillibarcelona.com\/wp-content\/uploads\/2025\/01\/Indian-Restaurant-Barcelona-11-980x1021.jpeg\" width=\"980\" height=\"1021\" \/>\n\t\t\t\t\t\t\t\t<span class=\"et_overlay\"><\/span>\n\t\t\t\t\t\t\t<\/a>\n\t\t\t\t\t\t\t\n\t\t\t\t\t\t\t<a data-width=\"574\" data-height=\"574\" href=\"https:\/\/www.chillibarcelona.com\/wp-content\/uploads\/2025\/01\/Indian-Restaurant-Barcelona-6.jpeg\"  data-categories=\"\" class=\"dmg_masonry_gallery_item \" >\n\t\t\t\t\t\t\t\t<img class=\"dmg-lazyload\" alt=\"Indian Restaurant Barcelona\" data-src=\"https:\/\/www.chillibarcelona.com\/wp-content\/uploads\/2025\/01\/Indian-Restaurant-Barcelona-6.jpeg\" width=\"574\" height=\"574\" \/>\n\t\t\t\t\t\t\t\t<span class=\"et_overlay\"><\/span>\n\t\t\t\t\t\t\t<\/a>\n\t\t\t\t\t\t\t\n\t\t\t\t\t\t\t<a data-width=\"980\" data-height=\"980\" href=\"https:\/\/www.chillibarcelona.com\/wp-content\/uploads\/2025\/03\/316419609_134010012780609_7922234242300010917_n.jpeg\"  data-categories=\"\" class=\"dmg_masonry_gallery_item \" >\n\t\t\t\t\t\t\t\t<img class=\"dmg-lazyload\" alt=\"Indian Restaurant Barcelona\" data-src=\"https:\/\/www.chillibarcelona.com\/wp-content\/uploads\/2025\/03\/316419609_134010012780609_7922234242300010917_n-980x980.jpeg\" width=\"980\" height=\"980\" \/>\n\t\t\t\t\t\t\t\t<span class=\"et_overlay\"><\/span>\n\t\t\t\t\t\t\t<\/a>\n\t\t\t\t\t\t\t\n\t\t\t\t\t\t\t<a data-width=\"980\" data-height=\"1225\" href=\"https:\/\/www.chillibarcelona.com\/wp-content\/uploads\/2025\/03\/319134341_456802899941928_4072696084883994502_n.jpeg\"  data-categories=\"\" class=\"dmg_masonry_gallery_item \" >\n\t\t\t\t\t\t\t\t<img class=\"dmg-lazyload\" alt=\"Indian Restaurant Barcelona\" data-src=\"https:\/\/www.chillibarcelona.com\/wp-content\/uploads\/2025\/03\/319134341_456802899941928_4072696084883994502_n-980x1225.jpeg\" width=\"980\" height=\"1225\" \/>\n\t\t\t\t\t\t\t\t<span class=\"et_overlay\"><\/span>\n\t\t\t\t\t\t\t<\/a>\n\t\t\t\t\t\t\t\n\t\t\t\t\t\t\t<a data-width=\"956\" data-height=\"765\" href=\"https:\/\/www.chillibarcelona.com\/wp-content\/uploads\/2025\/01\/Indian-Restaurant-Barcelona-5.jpeg\"  data-categories=\"\" class=\"dmg_masonry_gallery_item \" >\n\t\t\t\t\t\t\t\t<img class=\"dmg-lazyload\" alt=\"Indian Restaurant Barcelona\" data-src=\"https:\/\/www.chillibarcelona.com\/wp-content\/uploads\/2025\/01\/Indian-Restaurant-Barcelona-5.jpeg\" width=\"956\" height=\"765\" \/>\n\t\t\t\t\t\t\t\t<span class=\"et_overlay\"><\/span>\n\t\t\t\t\t\t\t<\/a>\n\t\t\t\t\t\t\t\n\t\t\t\t\t\t\t<a data-width=\"980\" data-height=\"980\" href=\"https:\/\/www.chillibarcelona.com\/wp-content\/uploads\/2025\/03\/330396192_1266646023736475_4297869542468824635_n.jpeg\"  data-categories=\"\" class=\"dmg_masonry_gallery_item \" >\n\t\t\t\t\t\t\t\t<img class=\"dmg-lazyload\" alt=\"Indian Restaurant Barcelona\" data-src=\"https:\/\/www.chillibarcelona.com\/wp-content\/uploads\/2025\/03\/330396192_1266646023736475_4297869542468824635_n-980x980.jpeg\" width=\"980\" height=\"980\" \/>\n\t\t\t\t\t\t\t\t<span class=\"et_overlay\"><\/span>\n\t\t\t\t\t\t\t<\/a>\n\t\t\t\t\t\t\t\n\t\t\t\t\t\t\t<a data-width=\"957\" data-height=\"766\" href=\"https:\/\/www.chillibarcelona.com\/wp-content\/uploads\/2025\/01\/Indian-Restaurant-Barcelona-4.jpeg\"  data-categories=\"\" class=\"dmg_masonry_gallery_item \" >\n\t\t\t\t\t\t\t\t<img class=\"dmg-lazyload\" alt=\"Indian Restaurant Barcelona\" data-src=\"https:\/\/www.chillibarcelona.com\/wp-content\/uploads\/2025\/01\/Indian-Restaurant-Barcelona-4.jpeg\" width=\"957\" height=\"766\" \/>\n\t\t\t\t\t\t\t\t<span class=\"et_overlay\"><\/span>\n\t\t\t\t\t\t\t<\/a>\n\t\t\t\t\t\t\t\n\t\t\t\t\t\t\t<a data-width=\"980\" data-height=\"980\" href=\"https:\/\/www.chillibarcelona.com\/wp-content\/uploads\/2025\/01\/Indian-Restaurant-Barcelona-9.jpeg\"  data-categories=\"\" class=\"dmg_masonry_gallery_item \" >\n\t\t\t\t\t\t\t\t<img class=\"dmg-lazyload\" alt=\"Indian Restaurant Barcelona\" data-src=\"https:\/\/www.chillibarcelona.com\/wp-content\/uploads\/2025\/01\/Indian-Restaurant-Barcelona-9-980x980.jpeg\" width=\"980\" height=\"980\" \/>\n\t\t\t\t\t\t\t\t<span class=\"et_overlay\"><\/span>\n\t\t\t\t\t\t\t<\/a>\n\t\t\t\t\t\t\t\n\t\t\t\t\t\t\t<a data-width=\"980\" data-height=\"980\" href=\"https:\/\/www.chillibarcelona.com\/wp-content\/uploads\/2025\/01\/Indian-Restaurant-Barcelona-2.jpeg\"  data-categories=\"\" class=\"dmg_masonry_gallery_item \" >\n\t\t\t\t\t\t\t\t<img class=\"dmg-lazyload\" alt=\"Indian Restaurant Barcelona\" data-src=\"https:\/\/www.chillibarcelona.com\/wp-content\/uploads\/2025\/01\/Indian-Restaurant-Barcelona-2-980x980.jpeg\" width=\"980\" height=\"980\" \/>\n\t\t\t\t\t\t\t\t<span class=\"et_overlay\"><\/span>\n\t\t\t\t\t\t\t<\/a>\n\t\t\t\t\t\t\t\n\t\t\t\t\t\t\t<a data-width=\"765\" data-height=\"765\" href=\"https:\/\/www.chillibarcelona.com\/wp-content\/uploads\/2025\/01\/Indian-Restaurant-Barcelona-3.jpeg\"  data-categories=\"\" class=\"dmg_masonry_gallery_item \" >\n\t\t\t\t\t\t\t\t<img class=\"dmg-lazyload\" alt=\"Indian Restaurant Barcelona\" data-src=\"https:\/\/www.chillibarcelona.com\/wp-content\/uploads\/2025\/01\/Indian-Restaurant-Barcelona-3.jpeg\" width=\"765\" height=\"765\" \/>\n\t\t\t\t\t\t\t\t<span class=\"et_overlay\"><\/span>\n\t\t\t\t\t\t\t<\/a>\n\t\t\t\t\t\t\t\n\t\t\t\t\t\t\t<a data-width=\"956\" data-height=\"765\" href=\"https:\/\/www.chillibarcelona.com\/wp-content\/uploads\/2025\/01\/Indian-Restaurant-Barcelona-7.jpeg\"  data-categories=\"\" class=\"dmg_masonry_gallery_item \" >\n\t\t\t\t\t\t\t\t<img class=\"dmg-lazyload\" alt=\"Indian Restaurant Barcelona\" data-src=\"https:\/\/www.chillibarcelona.com\/wp-content\/uploads\/2025\/01\/Indian-Restaurant-Barcelona-7.jpeg\" width=\"956\" height=\"765\" \/>\n\t\t\t\t\t\t\t\t<span class=\"et_overlay\"><\/span>\n\t\t\t\t\t\t\t<\/a>\n\t\t\t\t\t\t\t\n\t\t\t\t\t\t\t<a data-width=\"980\" data-height=\"980\" href=\"https:\/\/www.chillibarcelona.com\/wp-content\/uploads\/2025\/03\/318410526_137382799109997_6988574965898531428_n.jpeg\"  data-categories=\"\" class=\"dmg_masonry_gallery_item \" >\n\t\t\t\t\t\t\t\t<img class=\"dmg-lazyload\" alt=\"Indian Restaurant Barcelona\" data-src=\"https:\/\/www.chillibarcelona.com\/wp-content\/uploads\/2025\/03\/318410526_137382799109997_6988574965898531428_n-980x980.jpeg\" width=\"980\" height=\"980\" \/>\n\t\t\t\t\t\t\t\t<span class=\"et_overlay\"><\/span>\n\t\t\t\t\t\t\t<\/a>\n\t\t\t\t\t\t\t\n\t\t\t\t<a data-width=\"916\" data-height=\"916\" href=\"https:\/\/www.chillibarcelona.com\/wp-content\/uploads\/2025\/01\/Indian-Restaurant-Barcelona-8.jpeg\"  class=\"dmg_masonry_gallery_item \">\n\t\t\t\t\t<img class=\"dmg-lazyload\" alt=\"Indian Restaurant Barcelona\" data-src=\"https:\/\/www.chillibarcelona.com\/wp-content\/uploads\/2025\/01\/Indian-Restaurant-Barcelona-8.jpeg\" width=\"916\" height=\"916\" \/>\n\t\t\t\t\t<div class=\"dmg-minimized-layer\">\n\t\t\t\t\t\t<p class=\"gallery-minimized-text\">+-12<br\/><span><\/span><\/p>\n\t\t\t\t\t<\/div>\n\t\t\t\t<\/a>\n\t\t\t\t\n\t  \t\t\t<\/div>\n\t  \t\t\t\n  \t\t\t<\/div>\n  \t\t\t\n\t\t\t\t<\/div>\n\t\t\t<\/div>Uneix-te al nostre butllet\u00ed per rebre actualitzacionsCHILLI Barcelona+34 600 08 55 40Men\u00faReserva araSobreGaleriaTermes i condicionsPol\u00edtica de privadesa<\/p>\n","protected":false},"author":1,"featured_media":0,"parent":0,"menu_order":0,"comment_status":"closed","ping_status":"closed","template":"","meta":{"_et_pb_use_builder":"on","_et_pb_old_content":"","_et_gb_content_width":"","footnotes":""},"class_list":["post-819","page","type-page","status-publish","hentry"],"_links":{"self":[{"href":"https:\/\/www.chillibarcelona.com\/ca\/wp-json\/wp\/v2\/pages\/819","targetHints":{"allow":["GET"]}}],"collection":[{"href":"https:\/\/www.chillibarcelona.com\/ca\/wp-json\/wp\/v2\/pages"}],"about":[{"href":"https:\/\/www.chillibarcelona.com\/ca\/wp-json\/wp\/v2\/types\/page"}],"author":[{"embeddable":true,"href":"https:\/\/www.chillibarcelona.com\/ca\/wp-json\/wp\/v2\/users\/1"}],"replies":[{"embeddable":true,"href":"https:\/\/www.chillibarcelona.com\/ca\/wp-json\/wp\/v2\/comments?post=819"}],"version-history":[{"count":16,"href":"https:\/\/www.chillibarcelona.com\/ca\/wp-json\/wp\/v2\/pages\/819\/revisions"}],"predecessor-version":[{"id":1403,"href":"https:\/\/www.chillibarcelona.com\/ca\/wp-json\/wp\/v2\/pages\/819\/revisions\/1403"}],"wp:attachment":[{"href":"https:\/\/www.chillibarcelona.com\/ca\/wp-json\/wp\/v2\/media?parent=819"}],"curies":[{"name":"wp","href":"https:\/\/api.w.org\/{rel}","templated":true}]}}